{"id":896,"date":"2023-02-02T20:12:27","date_gmt":"2023-02-02T20:12:27","guid":{"rendered":"https:\/\/soulfx.com\/conditions-dutilisation\/"},"modified":"2023-02-24T16:50:58","modified_gmt":"2023-02-24T16:50:58","slug":"conditions-dutilisation","status":"publish","type":"page","link":"https:\/\/soulfx.com\/fr\/conditions-dutilisation\/","title":{"rendered":"Conditions d&#8217;utilisation"},"content":{"rendered":"\n<p>Soulfx Technologies Inc. et ses soci\u00e9t\u00e9s affili\u00e9es (&#8220;Soulfx&#8221; ou &#8220;nous&#8221;) fournissent le contenu de ce site Web (le &#8220;Site&#8221;) sous r\u00e9serve des conditions g\u00e9n\u00e9rales suivantes (les &#8220;Conditions&#8221;). Nous pouvons \u00eatre amen\u00e9s \u00e0 modifier p\u00e9riodiquement les conditions, aussi nous vous invitons \u00e0 les consulter de temps en temps. En acc\u00e9dant \u00e0 ce site et en l&#8217;utilisant, vous acceptez les pr\u00e9sentes conditions. Pour une explication des pratiques et politiques de Soulfx concernant la collecte, l&#8217;utilisation et le stockage des informations de nos utilisateurs, veuillez lire notre <a href=\"\/fr\/?page_id=947\">politique de confidentialit\u00e9<\/a><a href=\"https:\/\/myrxelite.myrx.care\/en\/privacy-policy\/\">.<\/a><\/p>\n\n<p><strong>Droits d&#8217;auteur<\/strong><\/p>\n\n<p>L&#8217;ensemble du contenu et des fonctionnalit\u00e9s du site, y compris les textes, les graphiques, les logos, les ic\u00f4nes et les images, ainsi que leur s\u00e9lection et leur disposition, sont la propri\u00e9t\u00e9 exclusive de Soulfx ou de ses conc\u00e9dants et sont prot\u00e9g\u00e9s par les lois am\u00e9ricaines, canadiennes et internationales sur le droit d&#8217;auteur. Tous les droits non express\u00e9ment accord\u00e9s sont r\u00e9serv\u00e9s.<\/p>\n\n<p><strong>Marques commerciales<\/strong><\/p>\n\n<p>Les marques commerciales, les marques de service, les dessins et les logos (collectivement, les &#8220;marques commerciales&#8221;) affich\u00e9s sur le site sont des marques commerciales d\u00e9pos\u00e9es et non d\u00e9pos\u00e9es de Soulfx et de ses conc\u00e9dants. Vous acceptez de ne pas faire r\u00e9f\u00e9rence ou d&#8217;attribuer des informations \u00e0 Soulfx ou \u00e0 ses conc\u00e9dants de licence dans tout support public (par exemple, communiqu\u00e9 de presse, sites Web) \u00e0 des fins de publicit\u00e9 ou de promotion, ou dans le but d&#8217;informer ou d&#8217;influencer une tierce partie, et d&#8217;utiliser ou de reproduire toute marque d\u00e9pos\u00e9e de Soulfx ou de ses conc\u00e9dants de licence, ou d&#8217;impliquer une quelconque approbation ou relation avec ces derniers.<\/p>\n\n<p><strong>Utilisation du contenu du site<\/strong><\/p>\n\n<p>Soulfx vous accorde par la pr\u00e9sente une licence non exclusive et non transf\u00e9rable pour la dur\u00e9e des pr\u00e9sentes, vous permettant d&#8217;acc\u00e9der au contenu et aux fonctionnalit\u00e9s affich\u00e9s sur le site (le &#8221; contenu du site &#8220;), de les t\u00e9l\u00e9charger, de les afficher et de les imprimer sur un seul ordinateur, uniquement pour votre usage interne et professionnel, \u00e0 condition que vous ne modifiiez pas le contenu du site de quelque mani\u00e8re que ce soit et que vous conserviez tous les droits d&#8217;auteur et autres avis de propri\u00e9t\u00e9 affich\u00e9s sur le contenu du site. Vous ne pouvez pas reproduire, modifier, distribuer, transmettre, poster ou divulguer le contenu du site sans l&#8217;accord \u00e9crit pr\u00e9alable de Soulfx.<\/p>\n\n<p><strong>Avis d&#8217;infraction<\/strong><\/p>\n\n<p>Soulfx interdit la publication de tout contenu qui enfreint ou viole les droits d&#8217;auteur et\/ou autres droits de propri\u00e9t\u00e9 intellectuelle (y compris les droits de confidentialit\u00e9 et de publicit\u00e9) de toute personne ou entit\u00e9. Si vous pensez que votre droit de propri\u00e9t\u00e9 intellectuelle (ou un tel droit que vous \u00eates charg\u00e9 de faire respecter) est enfreint par un contenu du site, veuillez \u00e9crire \u00e0 Soulfx \u00e0 l&#8217;adresse indiqu\u00e9e ci-dessous, en fournissant une d\u00e9claration \u00e9crite qui contient : (a) l&#8217;identification de l&#8217;\u0153uvre prot\u00e9g\u00e9e par le droit d&#8217;auteur et\/ou du droit de propri\u00e9t\u00e9 intellectuelle dont la violation est all\u00e9gu\u00e9e ; (b) l&#8217;identification du mat\u00e9riel pr\u00e9tendument en infraction sur le site dont le retrait est demand\u00e9 ; (c) votre nom, votre adresse et votre num\u00e9ro de t\u00e9l\u00e9phone de jour, ainsi qu&#8217;une adresse \u00e9lectronique, le cas \u00e9ch\u00e9ant ; (d) une d\u00e9claration selon laquelle vous pensez de bonne foi que l&#8217;utilisation de l&#8217;\u0153uvre prot\u00e9g\u00e9e par le droit d&#8217;auteur et\/ou l&#8217;exercice du droit de propri\u00e9t\u00e9 intellectuelle ne sont pas autoris\u00e9s par le propri\u00e9taire, son agent ou la loi ; (e) une d\u00e9claration selon laquelle les informations contenues dans la notification sont exactes et, sous peine de parjure, que le signataire est autoris\u00e9 \u00e0 agir au nom du propri\u00e9taire du droit qui aurait \u00e9t\u00e9 viol\u00e9 ; et (f) la signature du titulaire du droit de propri\u00e9t\u00e9 intellectuelle ou d&#8217;une personne autoris\u00e9e en son nom \u00e0 faire valoir l&#8217;atteinte \u00e0 ce droit. Soulfx supprimera tout contenu post\u00e9 qui enfreint le droit d&#8217;auteur ou tout autre droit de propri\u00e9t\u00e9 intellectuelle de toute personne en vertu de la loi canadienne d\u00e8s r\u00e9ception d&#8217;une telle d\u00e9claration. Le contact de Soulfx pour la soumission d&#8217;avis en vertu de cette section 4 est : General Counsel, Soulfx, Suite 206, 16-1375 Southdown Rd., Mississauga, ON L5J 2Z1.<\/p>\n\n<p><strong>Avis de non-responsabilit\u00e9<\/strong><\/p>\n\n<p>LE CONTENU ET LES FONCTIONNALIT\u00c9S DU SITE SONT FOURNIS \u00c9TANT ENTENDU QUE SOULFX NE S&#8217;ENGAGE PAS \u00c0 VOUS FOURNIR DES CONSEILS ET DES SERVICES PROFESSIONNELS. TOUT LE CONTENU ET TOUTES LES FONCTIONNALIT\u00c9S DU SITE SONT FOURNIS &#8221; EN L&#8217;\u00c9TAT &#8220;, SANS GARANTIE D&#8217;AUCUNE SORTE, EXPRESSE OU IMPLICITE, Y COMPRIS, SANS LIMITATION, LES GARANTIES IMPLICITES DE QUALIT\u00c9 MARCHANDE ET D&#8217;AD\u00c9QUATION \u00c0 UN USAGE PARTICULIER. SOULFX ET SES FOURNISSEURS DE CONTENU TIERS NE DONNENT AUCUNE GARANTIE, EXPRESSE OU IMPLICITE, QUANT \u00c0 LA PROPRI\u00c9T\u00c9, L&#8217;EXACTITUDE OU L&#8217;AD\u00c9QUATION DU CONTENU DU SITE. SOULFX N&#8217;EST PAS RESPONSABLE DES INFORMATIONS PUBLI\u00c9ES SUR LES SITES WEB LI\u00c9S, CONTENUES DANS TOUT CONTENU PUBLI\u00c9 SUR LE SITE, OU FOURNIES PAR DES TIERS. NI SOULFX NI SES FOURNISSEURS DE CONTENU TIERS NE PEUVENT \u00caTRE TENUS RESPONSABLES DE TOUT DOMMAGE INDIRECT, ACCIDENTEL, CONS\u00c9CUTIF OU PUNITIF OU DE TOUTE PERTE DE REVENUS OU DE PROFITS, QU&#8217;ILS AIENT \u00c9T\u00c9 OU NON INFORM\u00c9S DE LA POSSIBILIT\u00c9 DE TELS DOMMAGES OU PERTES ET QUELLE QUE SOIT LA TH\u00c9ORIE DE RESPONSABILIT\u00c9. SOULFX, LES MODULES ET LES PLATES-FORMES NE CONSTITUENT PAS, ET NE SONT PAS DESTIN\u00c9S \u00c0 CONSTITUER UNE \u00c9VALUATION, UN EXAMEN, UN CONSEIL, UNE CONSULTATION, UN DIAGNOSTIC OU UN TRAITEMENT M\u00c9DICAL. SOULFX N&#8217;EST PAS UN PRESTATAIRE DE SOINS DE SANT\u00c9 ET NE FOURNIT PAS DE CONSEILS M\u00c9DICAUX.<\/p>\n\n<p><strong>Sites Web de tiers<\/strong><\/p>\n\n<p>Nous pouvons fournir des liens vers des sites Web de tiers, et une partie du contenu apparaissant sur ce site est en fait fournie par des tiers, par exemple, dans des cas de cadrage de sites Web de tiers ou d&#8217;incorporation dans des cadres de contenu fourni par des serveurs tiers. Soulfx n&#8217;est pas responsable de ces sites Web tiers, qui sont r\u00e9gis par les conditions d&#8217;utilisation et les politiques de confidentialit\u00e9, le cas \u00e9ch\u00e9ant, des fournisseurs de contenu tiers concern\u00e9s.<\/p>\n\n<p><strong>Droit applicable : Comp\u00e9tence juridictionnelle<\/strong><\/p>\n\n<p>Les lois de la province de l&#8217;Ontario r\u00e9gissent les pr\u00e9sentes conditions sans tenir compte des principes de conflits de lois. Tout litige d\u00e9coulant des pr\u00e9sentes conditions sera r\u00e9solu exclusivement par les tribunaux provinciaux et f\u00e9d\u00e9raux de la province de l&#8217;Ontario.<\/p>\n","protected":false},"excerpt":{"rendered":"<p>Soulfx Technologies Inc. et ses soci&eacute;t&eacute;s affili&eacute;es (&ldquo;Soulfx&rdquo; ou &ldquo;nous&rdquo;) fournissent le contenu de ce site Web (le &ldquo;Site&rdquo;) sous r&eacute;serve des conditions g&eacute;n&eacute;rales suivantes (les &ldquo;Conditions&rdquo;). Nous pouvons &ecirc;tre amen&eacute;s &agrave; modifier p&eacute;riodiquement les conditions, aussi nous vous invitons &agrave; les consulter de temps&#8230;<\/p>\n","protected":false},"author":2,"featured_media":0,"parent":0,"menu_order":0,"comment_status":"closed","ping_status":"closed","template":"","meta":{"_coblocks_attr":"","_coblocks_dimensions":"","_coblocks_responsive_height":"","_coblocks_accordion_ie_support":"","footnotes":""},"class_list":["post-896","page","type-page","status-publish","hentry"],"yoast_head":"<!-- This site is optimized with the Yoast SEO Premium plugin v27.5 (Yoast SEO v27.6) - https:\/\/yoast.com\/product\/yoast-seo-premium-wordpress\/ -->\n<title>Conditions d&#039;utilisation<\/title>\n<meta name=\"description\" content=\"Soulfx Technologies Inc. et ses soci\u00e9t\u00e9s affili\u00e9es (&quot;Soulfx&quot; ou &quot;nous&quot;) fournissent le contenu de ce site Web (le &quot;Site&quot;) sous r\u00e9serve des conditions g\u00e9n\u00e9rales suivantes (les &quot;Conditions&quot;). Nous pouvons \u00eatre amen\u00e9s \u00e0 modifier p\u00e9riodiquement les conditions, aussi nous vous invitons \u00e0 les consulter de temps en temps. En acc\u00e9dant \u00e0 ce site et en l&#039;utilisant, vous acceptez les pr\u00e9sentes conditions. Pour une explication des pratiques et politiques de Soulfx concernant la collecte, l&#039;utilisation et le stockage des informations de nos utilisateurs, veuillez lire notre politique de confidentialit\u00e9.\" \/>\n<meta name=\"robots\" content=\"index, follow, max-snippet:-1, max-image-preview:large, max-video-preview:-1\" \/>\n<link rel=\"canonical\" href=\"https:\/\/soulfx.com\/fr\/conditions-dutilisation\/\" \/>\n<meta property=\"og:locale\" content=\"fr_FR\" \/>\n<meta property=\"og:type\" content=\"article\" \/>\n<meta property=\"og:title\" content=\"Conditions d&#039;utilisation\" \/>\n<meta property=\"og:description\" content=\"Soulfx Technologies Inc. et ses soci\u00e9t\u00e9s affili\u00e9es (&quot;Soulfx&quot; ou &quot;nous&quot;) fournissent le contenu de ce site Web (le &quot;Site&quot;) sous r\u00e9serve des conditions g\u00e9n\u00e9rales suivantes (les &quot;Conditions&quot;). Nous pouvons \u00eatre amen\u00e9s \u00e0 modifier p\u00e9riodiquement les conditions, aussi nous vous invitons \u00e0 les consulter de temps en temps. En acc\u00e9dant \u00e0 ce site et en l&#039;utilisant, vous acceptez les pr\u00e9sentes conditions. Pour une explication des pratiques et politiques de Soulfx concernant la collecte, l&#039;utilisation et le stockage des informations de nos utilisateurs, veuillez lire notre politique de confidentialit\u00e9.\" \/>\n<meta property=\"og:url\" content=\"https:\/\/soulfx.com\/fr\/conditions-dutilisation\/\" \/>\n<meta property=\"og:site_name\" content=\"Soulfx Technologies Inc\" \/>\n<meta property=\"article:publisher\" content=\"https:\/\/www.facebook.com\/soulfx\/\" \/>\n<meta property=\"article:modified_time\" content=\"2023-02-24T16:50:58+00:00\" \/>\n<meta name=\"twitter:card\" content=\"summary_large_image\" \/>\n<meta name=\"twitter:label1\" content=\"Dur\u00e9e de lecture estim\u00e9e\" \/>\n\t<meta name=\"twitter:data1\" content=\"5 minutes\" \/>\n<script type=\"application\/ld+json\" class=\"yoast-schema-graph\">{\"@context\":\"https:\\\/\\\/schema.org\",\"@graph\":[{\"@type\":\"WebPage\",\"@id\":\"https:\\\/\\\/soulfx.com\\\/fr\\\/conditions-dutilisation\\\/\",\"url\":\"https:\\\/\\\/soulfx.com\\\/fr\\\/conditions-dutilisation\\\/\",\"name\":\"Conditions d'utilisation\",\"isPartOf\":{\"@id\":\"https:\\\/\\\/soulfx.com\\\/fr\\\/#website\"},\"datePublished\":\"2023-02-02T20:12:27+00:00\",\"dateModified\":\"2023-02-24T16:50:58+00:00\",\"description\":\"Soulfx Technologies Inc. et ses soci\u00e9t\u00e9s affili\u00e9es (\\\"Soulfx\\\" ou \\\"nous\\\") fournissent le contenu de ce site Web (le \\\"Site\\\") sous r\u00e9serve des conditions g\u00e9n\u00e9rales suivantes (les \\\"Conditions\\\"). Nous pouvons \u00eatre amen\u00e9s \u00e0 modifier p\u00e9riodiquement les conditions, aussi nous vous invitons \u00e0 les consulter de temps en temps. En acc\u00e9dant \u00e0 ce site et en l'utilisant, vous acceptez les pr\u00e9sentes conditions. Pour une explication des pratiques et politiques de Soulfx concernant la collecte, l'utilisation et le stockage des informations de nos utilisateurs, veuillez lire notre politique de confidentialit\u00e9.\",\"breadcrumb\":{\"@id\":\"https:\\\/\\\/soulfx.com\\\/fr\\\/conditions-dutilisation\\\/#breadcrumb\"},\"inLanguage\":\"fr-FR\",\"potentialAction\":[{\"@type\":\"ReadAction\",\"target\":[\"https:\\\/\\\/soulfx.com\\\/fr\\\/conditions-dutilisation\\\/\"]}]},{\"@type\":\"BreadcrumbList\",\"@id\":\"https:\\\/\\\/soulfx.com\\\/fr\\\/conditions-dutilisation\\\/#breadcrumb\",\"itemListElement\":[{\"@type\":\"ListItem\",\"position\":1,\"name\":\"Accueil\",\"item\":\"https:\\\/\\\/soulfx.com\\\/fr\\\/\"},{\"@type\":\"ListItem\",\"position\":2,\"name\":\"Conditions d&#8217;utilisation\"}]},{\"@type\":\"WebSite\",\"@id\":\"https:\\\/\\\/soulfx.com\\\/fr\\\/#website\",\"url\":\"https:\\\/\\\/soulfx.com\\\/fr\\\/\",\"name\":\"Soulfx Technologies\",\"description\":\"Bringing innovation to insurtech and healthcare, one product at a time\",\"publisher\":{\"@id\":\"https:\\\/\\\/soulfx.com\\\/fr\\\/#organization\"},\"alternateName\":\"Soulfx.com\",\"potentialAction\":[{\"@type\":\"SearchAction\",\"target\":{\"@type\":\"EntryPoint\",\"urlTemplate\":\"https:\\\/\\\/soulfx.com\\\/fr\\\/?s={search_term_string}\"},\"query-input\":{\"@type\":\"PropertyValueSpecification\",\"valueRequired\":true,\"valueName\":\"search_term_string\"}}],\"inLanguage\":\"fr-FR\"},{\"@type\":\"Organization\",\"@id\":\"https:\\\/\\\/soulfx.com\\\/fr\\\/#organization\",\"name\":\"Soulfx Technologies Inc.\",\"url\":\"https:\\\/\\\/soulfx.com\\\/fr\\\/\",\"logo\":{\"@type\":\"ImageObject\",\"inLanguage\":\"fr-FR\",\"@id\":\"https:\\\/\\\/soulfx.com\\\/fr\\\/#\\\/schema\\\/logo\\\/image\\\/\",\"url\":\"https:\\\/\\\/akwcbe.p3cdn1.secureserver.net\\\/wp-content\\\/uploads\\\/2019\\\/03\\\/soulfx.png?time=1677168669\",\"contentUrl\":\"https:\\\/\\\/akwcbe.p3cdn1.secureserver.net\\\/wp-content\\\/uploads\\\/2019\\\/03\\\/soulfx.png?time=1677168669\",\"width\":500,\"height\":154,\"caption\":\"Soulfx Technologies Inc.\"},\"image\":{\"@id\":\"https:\\\/\\\/soulfx.com\\\/fr\\\/#\\\/schema\\\/logo\\\/image\\\/\"},\"sameAs\":[\"https:\\\/\\\/www.facebook.com\\\/soulfx\\\/\",\"https:\\\/\\\/www.instagram.com\\\/soulfxtech\\\/\",\"https:\\\/\\\/www.youtube.com\\\/channel\\\/UCkfrrH3ooq-SV0tgUUgmcpQ\",\"https:\\\/\\\/www.linkedin.com\\\/company\\\/soulfx-technologies\\\/\"]}]}<\/script>\n<!-- \/ Yoast SEO Premium plugin. -->","yoast_head_json":{"title":"Conditions d'utilisation","description":"Soulfx Technologies Inc. et ses soci\u00e9t\u00e9s affili\u00e9es (\"Soulfx\" ou \"nous\") fournissent le contenu de ce site Web (le \"Site\") sous r\u00e9serve des conditions g\u00e9n\u00e9rales suivantes (les \"Conditions\"). Nous pouvons \u00eatre amen\u00e9s \u00e0 modifier p\u00e9riodiquement les conditions, aussi nous vous invitons \u00e0 les consulter de temps en temps. En acc\u00e9dant \u00e0 ce site et en l'utilisant, vous acceptez les pr\u00e9sentes conditions. Pour une explication des pratiques et politiques de Soulfx concernant la collecte, l'utilisation et le stockage des informations de nos utilisateurs, veuillez lire notre politique de confidentialit\u00e9.","robots":{"index":"index","follow":"follow","max-snippet":"max-snippet:-1","max-image-preview":"max-image-preview:large","max-video-preview":"max-video-preview:-1"},"canonical":"https:\/\/soulfx.com\/fr\/conditions-dutilisation\/","og_locale":"fr_FR","og_type":"article","og_title":"Conditions d'utilisation","og_description":"Soulfx Technologies Inc. et ses soci\u00e9t\u00e9s affili\u00e9es (\"Soulfx\" ou \"nous\") fournissent le contenu de ce site Web (le \"Site\") sous r\u00e9serve des conditions g\u00e9n\u00e9rales suivantes (les \"Conditions\"). Nous pouvons \u00eatre amen\u00e9s \u00e0 modifier p\u00e9riodiquement les conditions, aussi nous vous invitons \u00e0 les consulter de temps en temps. En acc\u00e9dant \u00e0 ce site et en l'utilisant, vous acceptez les pr\u00e9sentes conditions. Pour une explication des pratiques et politiques de Soulfx concernant la collecte, l'utilisation et le stockage des informations de nos utilisateurs, veuillez lire notre politique de confidentialit\u00e9.","og_url":"https:\/\/soulfx.com\/fr\/conditions-dutilisation\/","og_site_name":"Soulfx Technologies Inc","article_publisher":"https:\/\/www.facebook.com\/soulfx\/","article_modified_time":"2023-02-24T16:50:58+00:00","twitter_card":"summary_large_image","twitter_misc":{"Dur\u00e9e de lecture estim\u00e9e":"5 minutes"},"schema":{"@context":"https:\/\/schema.org","@graph":[{"@type":"WebPage","@id":"https:\/\/soulfx.com\/fr\/conditions-dutilisation\/","url":"https:\/\/soulfx.com\/fr\/conditions-dutilisation\/","name":"Conditions d'utilisation","isPartOf":{"@id":"https:\/\/soulfx.com\/fr\/#website"},"datePublished":"2023-02-02T20:12:27+00:00","dateModified":"2023-02-24T16:50:58+00:00","description":"Soulfx Technologies Inc. et ses soci\u00e9t\u00e9s affili\u00e9es (\"Soulfx\" ou \"nous\") fournissent le contenu de ce site Web (le \"Site\") sous r\u00e9serve des conditions g\u00e9n\u00e9rales suivantes (les \"Conditions\"). Nous pouvons \u00eatre amen\u00e9s \u00e0 modifier p\u00e9riodiquement les conditions, aussi nous vous invitons \u00e0 les consulter de temps en temps. En acc\u00e9dant \u00e0 ce site et en l'utilisant, vous acceptez les pr\u00e9sentes conditions. Pour une explication des pratiques et politiques de Soulfx concernant la collecte, l'utilisation et le stockage des informations de nos utilisateurs, veuillez lire notre politique de confidentialit\u00e9.","breadcrumb":{"@id":"https:\/\/soulfx.com\/fr\/conditions-dutilisation\/#breadcrumb"},"inLanguage":"fr-FR","potentialAction":[{"@type":"ReadAction","target":["https:\/\/soulfx.com\/fr\/conditions-dutilisation\/"]}]},{"@type":"BreadcrumbList","@id":"https:\/\/soulfx.com\/fr\/conditions-dutilisation\/#breadcrumb","itemListElement":[{"@type":"ListItem","position":1,"name":"Accueil","item":"https:\/\/soulfx.com\/fr\/"},{"@type":"ListItem","position":2,"name":"Conditions d&#8217;utilisation"}]},{"@type":"WebSite","@id":"https:\/\/soulfx.com\/fr\/#website","url":"https:\/\/soulfx.com\/fr\/","name":"Soulfx Technologies","description":"Bringing innovation to insurtech and healthcare, one product at a time","publisher":{"@id":"https:\/\/soulfx.com\/fr\/#organization"},"alternateName":"Soulfx.com","potentialAction":[{"@type":"SearchAction","target":{"@type":"EntryPoint","urlTemplate":"https:\/\/soulfx.com\/fr\/?s={search_term_string}"},"query-input":{"@type":"PropertyValueSpecification","valueRequired":true,"valueName":"search_term_string"}}],"inLanguage":"fr-FR"},{"@type":"Organization","@id":"https:\/\/soulfx.com\/fr\/#organization","name":"Soulfx Technologies Inc.","url":"https:\/\/soulfx.com\/fr\/","logo":{"@type":"ImageObject","inLanguage":"fr-FR","@id":"https:\/\/soulfx.com\/fr\/#\/schema\/logo\/image\/","url":"https:\/\/akwcbe.p3cdn1.secureserver.net\/wp-content\/uploads\/2019\/03\/soulfx.png?time=1677168669","contentUrl":"https:\/\/akwcbe.p3cdn1.secureserver.net\/wp-content\/uploads\/2019\/03\/soulfx.png?time=1677168669","width":500,"height":154,"caption":"Soulfx Technologies Inc."},"image":{"@id":"https:\/\/soulfx.com\/fr\/#\/schema\/logo\/image\/"},"sameAs":["https:\/\/www.facebook.com\/soulfx\/","https:\/\/www.instagram.com\/soulfxtech\/","https:\/\/www.youtube.com\/channel\/UCkfrrH3ooq-SV0tgUUgmcpQ","https:\/\/www.linkedin.com\/company\/soulfx-technologies\/"]}]}},"_links":{"self":[{"href":"https:\/\/soulfx.com\/fr\/wp-json\/wp\/v2\/pages\/896","targetHints":{"allow":["GET"]}}],"collection":[{"href":"https:\/\/soulfx.com\/fr\/wp-json\/wp\/v2\/pages"}],"about":[{"href":"https:\/\/soulfx.com\/fr\/wp-json\/wp\/v2\/types\/page"}],"author":[{"embeddable":true,"href":"https:\/\/soulfx.com\/fr\/wp-json\/wp\/v2\/users\/2"}],"replies":[{"embeddable":true,"href":"https:\/\/soulfx.com\/fr\/wp-json\/wp\/v2\/comments?post=896"}],"version-history":[{"count":5,"href":"https:\/\/soulfx.com\/fr\/wp-json\/wp\/v2\/pages\/896\/revisions"}],"predecessor-version":[{"id":954,"href":"https:\/\/soulfx.com\/fr\/wp-json\/wp\/v2\/pages\/896\/revisions\/954"}],"wp:attachment":[{"href":"https:\/\/soulfx.com\/fr\/wp-json\/wp\/v2\/media?parent=896"}],"curies":[{"name":"wp","href":"https:\/\/api.w.org\/{rel}","templated":true}]}}