{"id":898,"date":"2023-02-24T14:37:43","date_gmt":"2023-02-24T14:37:43","guid":{"rendered":"https:\/\/soulfx.com\/nous-contacter\/bulletin-dinformation\/"},"modified":"2023-02-28T20:12:09","modified_gmt":"2023-02-28T20:12:09","slug":"bulletin-dinformation","status":"publish","type":"page","link":"https:\/\/soulfx.com\/fr\/nous-contacter\/bulletin-dinformation\/","title":{"rendered":"Bulletin d&#8217;information"},"content":{"rendered":"<div class=\"wpb-content-wrapper\"><p>[vc_row][vc_column width=&#8221;2\/3&#8243;][vc_column_text]<\/p>\r\n<p>\u00cates-vous int\u00e9ress\u00e9 par les derni\u00e8res avanc\u00e9es en mati\u00e8re de d\u00e9veloppement de produits de sant\u00e9? Vous souhaitez rester inform\u00e9 des derni\u00e8res innovations et avanc\u00e9es dans le domaine ? Inscrivez-vous \u00e0 notre newsletter !<br \/><!-- \/wp:post-content -->Soulfx se consacre au d\u00e9veloppement de produits de pointe qui am\u00e9liorent les r\u00e9sultats pour les patients et transforment le secteur de la sant\u00e9.<\/p>\r\n<p><!-- wp:paragraph {\"translatedWithWPMLTM\":\"1\"} -->En vous inscrivant \u00e0 notre newsletter, vous recevrez des mises \u00e0 jour r\u00e9guli\u00e8res sur nos derniers projets, ainsi que des nouvelles, des id\u00e9es et des tendances de l&#8217;industrie. Rejoignez d\u00e8s aujourd&#8217;hui notre communaut\u00e9 d&#8217;innovateurs en soins de sant\u00e9 et gardez une longueur d&#8217;avance dans cette industrie en \u00e9volution rapide\u00a0!<\/p>\r\n<p><!-- wp:paragraph {\"translatedWithWPMLTM\":\"1\"} -->Vous pouvez vous d\u00e9sinscrire \u00e0 tout moment en s\u00e9lectionnant \u00ab se d\u00e9sinscrire \u00bb dans le pied de page de l&#8217;e-newsletter.<\/p>\r\n<script>(function() {\n\twindow.mc4wp = window.mc4wp || {\n\t\tlisteners: [],\n\t\tforms: {\n\t\t\ton: function(evt, cb) {\n\t\t\t\twindow.mc4wp.listeners.push(\n\t\t\t\t\t{\n\t\t\t\t\t\tevent   : evt,\n\t\t\t\t\t\tcallback: cb\n\t\t\t\t\t}\n\t\t\t\t);\n\t\t\t}\n\t\t}\n\t}\n})();\n<\/script><!-- Mailchimp for WordPress v4.12.2 - https:\/\/wordpress.org\/plugins\/mailchimp-for-wp\/ --><form id=\"mc4wp-form-1\" class=\"mc4wp-form mc4wp-form-958\" method=\"post\" data-id=\"958\" data-name=\"Bulletin d&#039;information\" ><div class=\"mc4wp-form-fields\"><p>\n\t<label class=\"newsletter-form_input\">Courriel :  \n\t\t<input type=\"email\" name=\"EMAIL\" placeholder=\"\" maxlength=\"60\" required=\"\">\n<\/label>\n<\/p>\n<p>\n    <label class=\"newsletter-form_checkbox\">\n        <input name=\"AGREE_TO_TERMS\" type=\"checkbox\" value=\"1\" required=\"\">\n        <span>Je comprends que je peux me d\u00e9sinscrire de tout envoi en s\u00e9lectionnant unsubscribe\n dans le pied de page de la lettre d'information \u00e9lectronique.<\/span>\n    <\/label>\n<\/p>\n<p>\n\t<input type=\"submit\" value=\"S'abonner \u00e0\">\n<\/p><\/div><label style=\"display: none !important;\">Laissez ce champ vide si vous \u00eates humain\u00a0: <input type=\"text\" name=\"_mc4wp_honeypot\" value=\"\" tabindex=\"-1\" autocomplete=\"off\" \/><\/label><input type=\"hidden\" name=\"_mc4wp_timestamp\" value=\"1777009745\" \/><input type=\"hidden\" name=\"_mc4wp_form_id\" value=\"958\" \/><input type=\"hidden\" name=\"_mc4wp_form_element_id\" value=\"mc4wp-form-1\" \/><div class=\"mc4wp-response\"><\/div><\/form><!-- \/ Mailchimp for WordPress Plugin -->\r\n<p>[\/vc_column_text][\/vc_column][vc_column width=&#8221;1\/3&#8243;][\/vc_column][\/vc_row]<\/p><!-- \/wp:paragraph --><!-- \/wp:paragraph --><\/p>\r\n<p><!-- wp:paragraph {\"translatedWithWPMLTM\":\"1\"} -->Soulfx se consacre au d\u00e9veloppement de produits de pointe qui am\u00e9liorent les r\u00e9sultats pour les patients et transforment le secteur de la sant\u00e9.<\/p>\r\n<p><!-- wp:paragraph {\"translatedWithWPMLTM\":\"1\"} -->En vous inscrivant \u00e0 notre newsletter, vous recevrez des mises \u00e0 jour r\u00e9guli\u00e8res sur nos derniers projets, ainsi que des nouvelles, des id\u00e9es et des tendances de l&#8217;industrie. Rejoignez d\u00e8s aujourd&#8217;hui notre communaut\u00e9 d&#8217;innovateurs en soins de sant\u00e9 et gardez une longueur d&#8217;avance dans cette industrie en \u00e9volution rapide\u00a0!<\/p>\r\n<p><!-- wp:paragraph {\"translatedWithWPMLTM\":\"1\"} -->Vous pouvez vous d\u00e9sinscrire \u00e0 tout moment en s\u00e9lectionnant \u00ab se d\u00e9sinscrire \u00bb dans le pied de page de l&#8217;e-newsletter.<\/p>\r\n<script>(function() {\n\twindow.mc4wp = window.mc4wp || {\n\t\tlisteners: [],\n\t\tforms: {\n\t\t\ton: function(evt, cb) {\n\t\t\t\twindow.mc4wp.listeners.push(\n\t\t\t\t\t{\n\t\t\t\t\t\tevent   : evt,\n\t\t\t\t\t\tcallback: cb\n\t\t\t\t\t}\n\t\t\t\t);\n\t\t\t}\n\t\t}\n\t}\n})();\n<\/script><!-- Mailchimp for WordPress v4.12.2 - https:\/\/wordpress.org\/plugins\/mailchimp-for-wp\/ --><form id=\"mc4wp-form-2\" class=\"mc4wp-form mc4wp-form-958\" method=\"post\" data-id=\"958\" data-name=\"Bulletin d&#039;information\" ><div class=\"mc4wp-form-fields\"><p>\n\t<label class=\"newsletter-form_input\">Courriel :  \n\t\t<input type=\"email\" name=\"EMAIL\" placeholder=\"\" maxlength=\"60\" required=\"\">\n<\/label>\n<\/p>\n<p>\n    <label class=\"newsletter-form_checkbox\">\n        <input name=\"AGREE_TO_TERMS\" type=\"checkbox\" value=\"1\" required=\"\">\n        <span>Je comprends que je peux me d\u00e9sinscrire de tout envoi en s\u00e9lectionnant unsubscribe\n dans le pied de page de la lettre d'information \u00e9lectronique.<\/span>\n    <\/label>\n<\/p>\n<p>\n\t<input type=\"submit\" value=\"S'abonner \u00e0\">\n<\/p><\/div><label style=\"display: none !important;\">Laissez ce champ vide si vous \u00eates humain\u00a0: <input type=\"text\" name=\"_mc4wp_honeypot\" value=\"\" tabindex=\"-1\" autocomplete=\"off\" \/><\/label><input type=\"hidden\" name=\"_mc4wp_timestamp\" value=\"1777009745\" \/><input type=\"hidden\" name=\"_mc4wp_form_id\" value=\"958\" \/><input type=\"hidden\" name=\"_mc4wp_form_element_id\" value=\"mc4wp-form-2\" \/><div class=\"mc4wp-response\"><\/div><\/form><!-- \/ Mailchimp for WordPress Plugin -->\r\n<p>[\/vc_column_text][\/vc_column][vc_column width=&#8221;1\/3&#8243;][\/vc_column][\/vc_row]<\/p><!-- \/wp:post-content --><\/div>","protected":false},"excerpt":{"rendered":"<p>[vc_row][vc_column width=&rdquo;2\/3&Prime;][vc_column_text] &Ecirc;tes-vous int&eacute;ress&eacute; par les derni&egrave;res avanc&eacute;es en mati&egrave;re de d&eacute;veloppement de produits de sant&eacute;? Vous souhaitez rester inform&eacute; des derni&egrave;res innovations et avanc&eacute;es dans le domaine ? Inscrivez-vous &agrave; notre newsletter !Soulfx se consacre au d&eacute;veloppement de produits de pointe qui am&eacute;liorent les&#8230;<\/p>\n","protected":false},"author":2,"featured_media":0,"parent":891,"menu_order":0,"comment_status":"closed","ping_status":"closed","template":"","meta":{"_coblocks_attr":"","_coblocks_dimensions":"","_coblocks_responsive_height":"","_coblocks_accordion_ie_support":"","footnotes":""},"class_list":["post-898","page","type-page","status-publish","hentry"],"yoast_head":"<!-- This site is optimized with the Yoast SEO Premium plugin v27.4 (Yoast SEO v27.4) - https:\/\/yoast.com\/product\/yoast-seo-premium-wordpress\/ -->\n<title>Bulletin d&#039;information<\/title>\n<meta name=\"robots\" content=\"index, follow, max-snippet:-1, max-image-preview:large, max-video-preview:-1\" \/>\n<link rel=\"canonical\" href=\"https:\/\/soulfx.com\/fr\/nous-contacter\/bulletin-dinformation\/\" \/>\n<meta property=\"og:locale\" content=\"fr_FR\" \/>\n<meta property=\"og:type\" content=\"article\" \/>\n<meta property=\"og:title\" content=\"Bulletin d&#039;information\" \/>\n<meta property=\"og:description\" content=\"[vc_row][vc_column width=&rdquo;2\/3&Prime;][vc_column_text] &Ecirc;tes-vous int&eacute;ress&eacute; par les derni&egrave;res avanc&eacute;es en mati&egrave;re de d&eacute;veloppement de produits de sant&eacute;? Vous souhaitez rester inform&eacute; des derni&egrave;res innovations et avanc&eacute;es dans le domaine ? Inscrivez-vous &agrave; notre newsletter !Soulfx se consacre au d&eacute;veloppement de produits de pointe qui am&eacute;liorent les...\" \/>\n<meta property=\"og:url\" content=\"https:\/\/soulfx.com\/fr\/nous-contacter\/bulletin-dinformation\/\" \/>\n<meta property=\"og:site_name\" content=\"Soulfx Technologies Inc\" \/>\n<meta property=\"article:publisher\" content=\"https:\/\/www.facebook.com\/soulfx\/\" \/>\n<meta property=\"article:modified_time\" content=\"2023-02-28T20:12:09+00:00\" \/>\n<meta name=\"twitter:card\" content=\"summary_large_image\" \/>\n<meta name=\"twitter:label1\" content=\"Dur\u00e9e de lecture estim\u00e9e\" \/>\n\t<meta name=\"twitter:data1\" content=\"1 minute\" \/>\n<script type=\"application\/ld+json\" class=\"yoast-schema-graph\">{\"@context\":\"https:\\\/\\\/schema.org\",\"@graph\":[{\"@type\":\"WebPage\",\"@id\":\"https:\\\/\\\/soulfx.com\\\/fr\\\/nous-contacter\\\/bulletin-dinformation\\\/\",\"url\":\"https:\\\/\\\/soulfx.com\\\/fr\\\/nous-contacter\\\/bulletin-dinformation\\\/\",\"name\":\"Bulletin d'information\",\"isPartOf\":{\"@id\":\"https:\\\/\\\/soulfx.com\\\/fr\\\/#website\"},\"datePublished\":\"2023-02-24T14:37:43+00:00\",\"dateModified\":\"2023-02-28T20:12:09+00:00\",\"breadcrumb\":{\"@id\":\"https:\\\/\\\/soulfx.com\\\/fr\\\/nous-contacter\\\/bulletin-dinformation\\\/#breadcrumb\"},\"inLanguage\":\"fr-FR\",\"potentialAction\":[{\"@type\":\"ReadAction\",\"target\":[\"https:\\\/\\\/soulfx.com\\\/fr\\\/nous-contacter\\\/bulletin-dinformation\\\/\"]}]},{\"@type\":\"BreadcrumbList\",\"@id\":\"https:\\\/\\\/soulfx.com\\\/fr\\\/nous-contacter\\\/bulletin-dinformation\\\/#breadcrumb\",\"itemListElement\":[{\"@type\":\"ListItem\",\"position\":1,\"name\":\"Accueil\",\"item\":\"https:\\\/\\\/soulfx.com\\\/fr\\\/\"},{\"@type\":\"ListItem\",\"position\":2,\"name\":\"Nous contacter\",\"item\":\"https:\\\/\\\/soulfx.com\\\/fr\\\/?page_id=891\"},{\"@type\":\"ListItem\",\"position\":3,\"name\":\"Bulletin d&#8217;information\"}]},{\"@type\":\"WebSite\",\"@id\":\"https:\\\/\\\/soulfx.com\\\/fr\\\/#website\",\"url\":\"https:\\\/\\\/soulfx.com\\\/fr\\\/\",\"name\":\"Soulfx Technologies\",\"description\":\"Bringing innovation to insurtech and healthcare, one product at a time\",\"publisher\":{\"@id\":\"https:\\\/\\\/soulfx.com\\\/fr\\\/#organization\"},\"alternateName\":\"Soulfx.com\",\"potentialAction\":[{\"@type\":\"SearchAction\",\"target\":{\"@type\":\"EntryPoint\",\"urlTemplate\":\"https:\\\/\\\/soulfx.com\\\/fr\\\/?s={search_term_string}\"},\"query-input\":{\"@type\":\"PropertyValueSpecification\",\"valueRequired\":true,\"valueName\":\"search_term_string\"}}],\"inLanguage\":\"fr-FR\"},{\"@type\":\"Organization\",\"@id\":\"https:\\\/\\\/soulfx.com\\\/fr\\\/#organization\",\"name\":\"Soulfx Technologies Inc.\",\"url\":\"https:\\\/\\\/soulfx.com\\\/fr\\\/\",\"logo\":{\"@type\":\"ImageObject\",\"inLanguage\":\"fr-FR\",\"@id\":\"https:\\\/\\\/soulfx.com\\\/fr\\\/#\\\/schema\\\/logo\\\/image\\\/\",\"url\":\"https:\\\/\\\/akwcbe.p3cdn1.secureserver.net\\\/wp-content\\\/uploads\\\/2019\\\/03\\\/soulfx.png?time=1677168669\",\"contentUrl\":\"https:\\\/\\\/akwcbe.p3cdn1.secureserver.net\\\/wp-content\\\/uploads\\\/2019\\\/03\\\/soulfx.png?time=1677168669\",\"width\":500,\"height\":154,\"caption\":\"Soulfx Technologies Inc.\"},\"image\":{\"@id\":\"https:\\\/\\\/soulfx.com\\\/fr\\\/#\\\/schema\\\/logo\\\/image\\\/\"},\"sameAs\":[\"https:\\\/\\\/www.facebook.com\\\/soulfx\\\/\",\"https:\\\/\\\/www.instagram.com\\\/soulfxtech\\\/\",\"https:\\\/\\\/www.youtube.com\\\/channel\\\/UCkfrrH3ooq-SV0tgUUgmcpQ\",\"https:\\\/\\\/www.linkedin.com\\\/company\\\/soulfx-technologies\\\/\"]}]}<\/script>\n<!-- \/ Yoast SEO Premium plugin. -->","yoast_head_json":{"title":"Bulletin d'information","robots":{"index":"index","follow":"follow","max-snippet":"max-snippet:-1","max-image-preview":"max-image-preview:large","max-video-preview":"max-video-preview:-1"},"canonical":"https:\/\/soulfx.com\/fr\/nous-contacter\/bulletin-dinformation\/","og_locale":"fr_FR","og_type":"article","og_title":"Bulletin d'information","og_description":"[vc_row][vc_column width=&rdquo;2\/3&Prime;][vc_column_text] &Ecirc;tes-vous int&eacute;ress&eacute; par les derni&egrave;res avanc&eacute;es en mati&egrave;re de d&eacute;veloppement de produits de sant&eacute;? Vous souhaitez rester inform&eacute; des derni&egrave;res innovations et avanc&eacute;es dans le domaine ? Inscrivez-vous &agrave; notre newsletter !Soulfx se consacre au d&eacute;veloppement de produits de pointe qui am&eacute;liorent les...","og_url":"https:\/\/soulfx.com\/fr\/nous-contacter\/bulletin-dinformation\/","og_site_name":"Soulfx Technologies Inc","article_publisher":"https:\/\/www.facebook.com\/soulfx\/","article_modified_time":"2023-02-28T20:12:09+00:00","twitter_card":"summary_large_image","twitter_misc":{"Dur\u00e9e de lecture estim\u00e9e":"1 minute"},"schema":{"@context":"https:\/\/schema.org","@graph":[{"@type":"WebPage","@id":"https:\/\/soulfx.com\/fr\/nous-contacter\/bulletin-dinformation\/","url":"https:\/\/soulfx.com\/fr\/nous-contacter\/bulletin-dinformation\/","name":"Bulletin d'information","isPartOf":{"@id":"https:\/\/soulfx.com\/fr\/#website"},"datePublished":"2023-02-24T14:37:43+00:00","dateModified":"2023-02-28T20:12:09+00:00","breadcrumb":{"@id":"https:\/\/soulfx.com\/fr\/nous-contacter\/bulletin-dinformation\/#breadcrumb"},"inLanguage":"fr-FR","potentialAction":[{"@type":"ReadAction","target":["https:\/\/soulfx.com\/fr\/nous-contacter\/bulletin-dinformation\/"]}]},{"@type":"BreadcrumbList","@id":"https:\/\/soulfx.com\/fr\/nous-contacter\/bulletin-dinformation\/#breadcrumb","itemListElement":[{"@type":"ListItem","position":1,"name":"Accueil","item":"https:\/\/soulfx.com\/fr\/"},{"@type":"ListItem","position":2,"name":"Nous contacter","item":"https:\/\/soulfx.com\/fr\/?page_id=891"},{"@type":"ListItem","position":3,"name":"Bulletin d&#8217;information"}]},{"@type":"WebSite","@id":"https:\/\/soulfx.com\/fr\/#website","url":"https:\/\/soulfx.com\/fr\/","name":"Soulfx Technologies","description":"Bringing innovation to insurtech and healthcare, one product at a time","publisher":{"@id":"https:\/\/soulfx.com\/fr\/#organization"},"alternateName":"Soulfx.com","potentialAction":[{"@type":"SearchAction","target":{"@type":"EntryPoint","urlTemplate":"https:\/\/soulfx.com\/fr\/?s={search_term_string}"},"query-input":{"@type":"PropertyValueSpecification","valueRequired":true,"valueName":"search_term_string"}}],"inLanguage":"fr-FR"},{"@type":"Organization","@id":"https:\/\/soulfx.com\/fr\/#organization","name":"Soulfx Technologies Inc.","url":"https:\/\/soulfx.com\/fr\/","logo":{"@type":"ImageObject","inLanguage":"fr-FR","@id":"https:\/\/soulfx.com\/fr\/#\/schema\/logo\/image\/","url":"https:\/\/akwcbe.p3cdn1.secureserver.net\/wp-content\/uploads\/2019\/03\/soulfx.png?time=1677168669","contentUrl":"https:\/\/akwcbe.p3cdn1.secureserver.net\/wp-content\/uploads\/2019\/03\/soulfx.png?time=1677168669","width":500,"height":154,"caption":"Soulfx Technologies Inc."},"image":{"@id":"https:\/\/soulfx.com\/fr\/#\/schema\/logo\/image\/"},"sameAs":["https:\/\/www.facebook.com\/soulfx\/","https:\/\/www.instagram.com\/soulfxtech\/","https:\/\/www.youtube.com\/channel\/UCkfrrH3ooq-SV0tgUUgmcpQ","https:\/\/www.linkedin.com\/company\/soulfx-technologies\/"]}]}},"_links":{"self":[{"href":"https:\/\/soulfx.com\/fr\/wp-json\/wp\/v2\/pages\/898","targetHints":{"allow":["GET"]}}],"collection":[{"href":"https:\/\/soulfx.com\/fr\/wp-json\/wp\/v2\/pages"}],"about":[{"href":"https:\/\/soulfx.com\/fr\/wp-json\/wp\/v2\/types\/page"}],"author":[{"embeddable":true,"href":"https:\/\/soulfx.com\/fr\/wp-json\/wp\/v2\/users\/2"}],"replies":[{"embeddable":true,"href":"https:\/\/soulfx.com\/fr\/wp-json\/wp\/v2\/comments?post=898"}],"version-history":[{"count":6,"href":"https:\/\/soulfx.com\/fr\/wp-json\/wp\/v2\/pages\/898\/revisions"}],"predecessor-version":[{"id":1090,"href":"https:\/\/soulfx.com\/fr\/wp-json\/wp\/v2\/pages\/898\/revisions\/1090"}],"up":[{"embeddable":true,"href":"https:\/\/soulfx.com\/fr\/wp-json\/wp\/v2\/pages\/891"}],"wp:attachment":[{"href":"https:\/\/soulfx.com\/fr\/wp-json\/wp\/v2\/media?parent=898"}],"curies":[{"name":"wp","href":"https:\/\/api.w.org\/{rel}","templated":true}]}}