{"id":908,"date":"2023-02-02T21:53:16","date_gmt":"2023-02-02T21:53:16","guid":{"rendered":"https:\/\/soulfx.com\/a-propos-de-nous\/"},"modified":"2023-05-08T18:03:53","modified_gmt":"2023-05-08T18:03:53","slug":"a-propos-de-nous","status":"publish","type":"page","link":"https:\/\/soulfx.com\/fr\/a-propos-de-nous\/","title":{"rendered":"A propos de nous"},"content":{"rendered":"\n<p>Bienvenue \u00e0 Soulfx Technologies ! Nous sommes une \u00e9quipe de d\u00e9veloppeurs de logiciels, de concepteurs et de gestionnaires de produits exp\u00e9riment\u00e9s, passionn\u00e9s par la cr\u00e9ation de solutions num\u00e9riques innovantes.<\/p>\n\n<p>Nous sommes avant tout une entreprise de d\u00e9veloppement de produits. Nous sommes fiers de proposer des solutions logicielles qui aident nos clients \u00e0 r\u00e9soudre des probl\u00e8mes commerciaux difficiles et \u00e0 atteindre leurs objectifs. Notre personnel dispose d&#8217;une grande expertise dans le travail avec les organisations nouvelles et existantes, et nous sommes bien \u00e9quip\u00e9s pour relever les d\u00e9fis de la cr\u00e9ation de produits innovants dans l&#8217;environnement num\u00e9rique dynamique et en \u00e9volution rapide d&#8217;aujourd&#8217;hui.<\/p>\n\n<p>Nous croyons en une approche collaborative du d\u00e9veloppement des produits. Nous travaillons en \u00e9troite collaboration avec nos clients pour comprendre leurs besoins, leurs objectifs et leurs contraintes, et nous utilisons notre expertise pour d\u00e9velopper des solutions adapt\u00e9es \u00e0 leurs exigences uniques. Notre processus est it\u00e9ratif, ce qui signifie que nous appr\u00e9cions le retour d&#8217;information et l&#8217;utilisons pour am\u00e9liorer continuellement notre travail.<\/p>\n\n<p>Notre \u00e9quipe est compos\u00e9e de personnes ayant une grande vari\u00e9t\u00e9 d&#8217;exp\u00e9riences et d&#8217;expertises. Nous ma\u00eetrisons de nombreux langages et cadres de travail, et nous examinons r\u00e9guli\u00e8rement les \u00e9volutions du secteur pour nous assurer que nos comp\u00e9tences sont \u00e0 jour. Nous nous effor\u00e7ons \u00e9galement de tenir nos clients inform\u00e9s autant que possible, afin qu&#8217;ils sachent exactement ce que nous faisons et pourquoi nous le faisons.<\/p>\n\n<p>Que vous ayez besoin d&#8217;une \u00e9quipe compl\u00e8te de d\u00e9veloppement de produits num\u00e9riques ou simplement de quelques d\u00e9veloppeurs chevronn\u00e9s pour vous aider \u00e0 donner vie \u00e0 votre vision, nous sommes l\u00e0 pour vous aider. <a href=\"\/?page_id=891\">Contactez-nous d\u00e8s aujourd&#8217;hui<\/a> pour en savoir plus sur nos services et sur la mani\u00e8re dont nous pouvons vous aider \u00e0 atteindre vos objectifs commerciaux.<\/p>\n\n<h3 class=\"wp-block-heading\" id=\"h-capabilities\">Capacit\u00e9s<\/h3>\n\n<p>Soulfx est une soci\u00e9t\u00e9 de d\u00e9veloppement de logiciels personnalis\u00e9s de bout en bout. Nos trois piliers de la r\u00e9ussite des projets sont les suivants<\/p>\n\n<ol class=\"wp-block-list\">\n<li>Processus agile moderne<\/li>\n\n\n\n<li>Une \u00e9quipe exp\u00e9riment\u00e9e<\/li>\n\n\n\n<li>Biblioth\u00e8que de composants<\/li>\n<\/ol>\n\n<p>Nous att\u00e9nuons les risques gr\u00e2ce \u00e0 notre exp\u00e9rience et \u00e0 nos proc\u00e9dures. Nous assurons le succ\u00e8s de nos clients gr\u00e2ce \u00e0 notre exp\u00e9rience, nos connaissances et notre m\u00e9thodologie de d\u00e9veloppement.<\/p>\n","protected":false},"excerpt":{"rendered":"<p>Bienvenue &agrave; Soulfx Technologies ! Nous sommes une &eacute;quipe de d&eacute;veloppeurs de logiciels, de concepteurs et de gestionnaires de produits exp&eacute;riment&eacute;s, passionn&eacute;s par la cr&eacute;ation de solutions num&eacute;riques innovantes. Nous sommes avant tout une entreprise de d&eacute;veloppement de produits. Nous sommes fiers de proposer des&#8230;<\/p>\n","protected":false},"author":1,"featured_media":0,"parent":0,"menu_order":0,"comment_status":"closed","ping_status":"closed","template":"","meta":{"_coblocks_attr":"","_coblocks_dimensions":"","_coblocks_responsive_height":"","_coblocks_accordion_ie_support":"","footnotes":""},"class_list":["post-908","page","type-page","status-publish","hentry"],"yoast_head":"<!-- This site is optimized with the Yoast SEO Premium plugin v27.5 (Yoast SEO v27.5) - https:\/\/yoast.com\/product\/yoast-seo-premium-wordpress\/ -->\n<title>A propos de nous<\/title>\n<meta name=\"description\" content=\"Bienvenue \u00e0 Soulfx Technologies ! Nous sommes une \u00e9quipe de d\u00e9veloppeurs de logiciels, de concepteurs et de gestionnaires de produits exp\u00e9riment\u00e9s, passionn\u00e9s par la cr\u00e9ation de solutions num\u00e9riques innovantes. Nous sommes fiers de proposer des solutions logicielles qui aident nos clients \u00e0 r\u00e9soudre des probl\u00e8mes commerciaux difficiles et \u00e0 atteindre leurs objectifs. Notre personnel dispose d&#039;une grande expertise dans le travail avec les organisations nouvelles et existantes, et nous sommes bien \u00e9quip\u00e9s pour relever les d\u00e9fis de la cr\u00e9ation de produits innovants dans l&#039;environnement num\u00e9rique dynamique et en \u00e9volution rapide d&#039;aujourd&#039;hui.\" \/>\n<meta name=\"robots\" content=\"index, follow, max-snippet:-1, max-image-preview:large, max-video-preview:-1\" \/>\n<link rel=\"canonical\" href=\"https:\/\/soulfx.com\/fr\/a-propos-de-nous\/\" \/>\n<meta property=\"og:locale\" content=\"fr_FR\" \/>\n<meta property=\"og:type\" content=\"article\" \/>\n<meta property=\"og:title\" content=\"A propos de nous\" \/>\n<meta property=\"og:description\" content=\"Bienvenue \u00e0 Soulfx Technologies ! Nous sommes une \u00e9quipe de d\u00e9veloppeurs de logiciels, de concepteurs et de gestionnaires de produits exp\u00e9riment\u00e9s, passionn\u00e9s par la cr\u00e9ation de solutions num\u00e9riques innovantes. Nous sommes fiers de proposer des solutions logicielles qui aident nos clients \u00e0 r\u00e9soudre des probl\u00e8mes commerciaux difficiles et \u00e0 atteindre leurs objectifs. Notre personnel dispose d&#039;une grande expertise dans le travail avec les organisations nouvelles et existantes, et nous sommes bien \u00e9quip\u00e9s pour relever les d\u00e9fis de la cr\u00e9ation de produits innovants dans l&#039;environnement num\u00e9rique dynamique et en \u00e9volution rapide d&#039;aujourd&#039;hui.\" \/>\n<meta property=\"og:url\" content=\"https:\/\/soulfx.com\/fr\/a-propos-de-nous\/\" \/>\n<meta property=\"og:site_name\" content=\"Soulfx Technologies Inc\" \/>\n<meta property=\"article:publisher\" content=\"https:\/\/www.facebook.com\/soulfx\/\" \/>\n<meta property=\"article:modified_time\" content=\"2023-05-08T18:03:53+00:00\" \/>\n<meta name=\"twitter:card\" content=\"summary_large_image\" \/>\n<meta name=\"twitter:label1\" content=\"Dur\u00e9e de lecture estim\u00e9e\" \/>\n\t<meta name=\"twitter:data1\" content=\"2 minutes\" \/>\n<script type=\"application\/ld+json\" class=\"yoast-schema-graph\">{\"@context\":\"https:\\\/\\\/schema.org\",\"@graph\":[{\"@type\":\"WebPage\",\"@id\":\"https:\\\/\\\/soulfx.com\\\/fr\\\/a-propos-de-nous\\\/\",\"url\":\"https:\\\/\\\/soulfx.com\\\/fr\\\/a-propos-de-nous\\\/\",\"name\":\"A propos de nous\",\"isPartOf\":{\"@id\":\"https:\\\/\\\/soulfx.com\\\/fr\\\/#website\"},\"datePublished\":\"2023-02-02T21:53:16+00:00\",\"dateModified\":\"2023-05-08T18:03:53+00:00\",\"description\":\"Bienvenue \u00e0 Soulfx Technologies ! Nous sommes une \u00e9quipe de d\u00e9veloppeurs de logiciels, de concepteurs et de gestionnaires de produits exp\u00e9riment\u00e9s, passionn\u00e9s par la cr\u00e9ation de solutions num\u00e9riques innovantes. Nous sommes fiers de proposer des solutions logicielles qui aident nos clients \u00e0 r\u00e9soudre des probl\u00e8mes commerciaux difficiles et \u00e0 atteindre leurs objectifs. Notre personnel dispose d'une grande expertise dans le travail avec les organisations nouvelles et existantes, et nous sommes bien \u00e9quip\u00e9s pour relever les d\u00e9fis de la cr\u00e9ation de produits innovants dans l'environnement num\u00e9rique dynamique et en \u00e9volution rapide d'aujourd'hui.\",\"breadcrumb\":{\"@id\":\"https:\\\/\\\/soulfx.com\\\/fr\\\/a-propos-de-nous\\\/#breadcrumb\"},\"inLanguage\":\"fr-FR\",\"potentialAction\":[{\"@type\":\"ReadAction\",\"target\":[\"https:\\\/\\\/soulfx.com\\\/fr\\\/a-propos-de-nous\\\/\"]}]},{\"@type\":\"BreadcrumbList\",\"@id\":\"https:\\\/\\\/soulfx.com\\\/fr\\\/a-propos-de-nous\\\/#breadcrumb\",\"itemListElement\":[{\"@type\":\"ListItem\",\"position\":1,\"name\":\"Accueil\",\"item\":\"https:\\\/\\\/soulfx.com\\\/fr\\\/\"},{\"@type\":\"ListItem\",\"position\":2,\"name\":\"A propos de nous\"}]},{\"@type\":\"WebSite\",\"@id\":\"https:\\\/\\\/soulfx.com\\\/fr\\\/#website\",\"url\":\"https:\\\/\\\/soulfx.com\\\/fr\\\/\",\"name\":\"Soulfx Technologies\",\"description\":\"Bringing innovation to insurtech and healthcare, one product at a time\",\"publisher\":{\"@id\":\"https:\\\/\\\/soulfx.com\\\/fr\\\/#organization\"},\"alternateName\":\"Soulfx.com\",\"potentialAction\":[{\"@type\":\"SearchAction\",\"target\":{\"@type\":\"EntryPoint\",\"urlTemplate\":\"https:\\\/\\\/soulfx.com\\\/fr\\\/?s={search_term_string}\"},\"query-input\":{\"@type\":\"PropertyValueSpecification\",\"valueRequired\":true,\"valueName\":\"search_term_string\"}}],\"inLanguage\":\"fr-FR\"},{\"@type\":\"Organization\",\"@id\":\"https:\\\/\\\/soulfx.com\\\/fr\\\/#organization\",\"name\":\"Soulfx Technologies Inc.\",\"url\":\"https:\\\/\\\/soulfx.com\\\/fr\\\/\",\"logo\":{\"@type\":\"ImageObject\",\"inLanguage\":\"fr-FR\",\"@id\":\"https:\\\/\\\/soulfx.com\\\/fr\\\/#\\\/schema\\\/logo\\\/image\\\/\",\"url\":\"https:\\\/\\\/akwcbe.p3cdn1.secureserver.net\\\/wp-content\\\/uploads\\\/2019\\\/03\\\/soulfx.png?time=1677168669\",\"contentUrl\":\"https:\\\/\\\/akwcbe.p3cdn1.secureserver.net\\\/wp-content\\\/uploads\\\/2019\\\/03\\\/soulfx.png?time=1677168669\",\"width\":500,\"height\":154,\"caption\":\"Soulfx Technologies Inc.\"},\"image\":{\"@id\":\"https:\\\/\\\/soulfx.com\\\/fr\\\/#\\\/schema\\\/logo\\\/image\\\/\"},\"sameAs\":[\"https:\\\/\\\/www.facebook.com\\\/soulfx\\\/\",\"https:\\\/\\\/www.instagram.com\\\/soulfxtech\\\/\",\"https:\\\/\\\/www.youtube.com\\\/channel\\\/UCkfrrH3ooq-SV0tgUUgmcpQ\",\"https:\\\/\\\/www.linkedin.com\\\/company\\\/soulfx-technologies\\\/\"]}]}<\/script>\n<!-- \/ Yoast SEO Premium plugin. -->","yoast_head_json":{"title":"A propos de nous","description":"Bienvenue \u00e0 Soulfx Technologies ! Nous sommes une \u00e9quipe de d\u00e9veloppeurs de logiciels, de concepteurs et de gestionnaires de produits exp\u00e9riment\u00e9s, passionn\u00e9s par la cr\u00e9ation de solutions num\u00e9riques innovantes. Nous sommes fiers de proposer des solutions logicielles qui aident nos clients \u00e0 r\u00e9soudre des probl\u00e8mes commerciaux difficiles et \u00e0 atteindre leurs objectifs. Notre personnel dispose d'une grande expertise dans le travail avec les organisations nouvelles et existantes, et nous sommes bien \u00e9quip\u00e9s pour relever les d\u00e9fis de la cr\u00e9ation de produits innovants dans l'environnement num\u00e9rique dynamique et en \u00e9volution rapide d'aujourd'hui.","robots":{"index":"index","follow":"follow","max-snippet":"max-snippet:-1","max-image-preview":"max-image-preview:large","max-video-preview":"max-video-preview:-1"},"canonical":"https:\/\/soulfx.com\/fr\/a-propos-de-nous\/","og_locale":"fr_FR","og_type":"article","og_title":"A propos de nous","og_description":"Bienvenue \u00e0 Soulfx Technologies ! Nous sommes une \u00e9quipe de d\u00e9veloppeurs de logiciels, de concepteurs et de gestionnaires de produits exp\u00e9riment\u00e9s, passionn\u00e9s par la cr\u00e9ation de solutions num\u00e9riques innovantes. Nous sommes fiers de proposer des solutions logicielles qui aident nos clients \u00e0 r\u00e9soudre des probl\u00e8mes commerciaux difficiles et \u00e0 atteindre leurs objectifs. Notre personnel dispose d'une grande expertise dans le travail avec les organisations nouvelles et existantes, et nous sommes bien \u00e9quip\u00e9s pour relever les d\u00e9fis de la cr\u00e9ation de produits innovants dans l'environnement num\u00e9rique dynamique et en \u00e9volution rapide d'aujourd'hui.","og_url":"https:\/\/soulfx.com\/fr\/a-propos-de-nous\/","og_site_name":"Soulfx Technologies Inc","article_publisher":"https:\/\/www.facebook.com\/soulfx\/","article_modified_time":"2023-05-08T18:03:53+00:00","twitter_card":"summary_large_image","twitter_misc":{"Dur\u00e9e de lecture estim\u00e9e":"2 minutes"},"schema":{"@context":"https:\/\/schema.org","@graph":[{"@type":"WebPage","@id":"https:\/\/soulfx.com\/fr\/a-propos-de-nous\/","url":"https:\/\/soulfx.com\/fr\/a-propos-de-nous\/","name":"A propos de nous","isPartOf":{"@id":"https:\/\/soulfx.com\/fr\/#website"},"datePublished":"2023-02-02T21:53:16+00:00","dateModified":"2023-05-08T18:03:53+00:00","description":"Bienvenue \u00e0 Soulfx Technologies ! Nous sommes une \u00e9quipe de d\u00e9veloppeurs de logiciels, de concepteurs et de gestionnaires de produits exp\u00e9riment\u00e9s, passionn\u00e9s par la cr\u00e9ation de solutions num\u00e9riques innovantes. Nous sommes fiers de proposer des solutions logicielles qui aident nos clients \u00e0 r\u00e9soudre des probl\u00e8mes commerciaux difficiles et \u00e0 atteindre leurs objectifs. Notre personnel dispose d'une grande expertise dans le travail avec les organisations nouvelles et existantes, et nous sommes bien \u00e9quip\u00e9s pour relever les d\u00e9fis de la cr\u00e9ation de produits innovants dans l'environnement num\u00e9rique dynamique et en \u00e9volution rapide d'aujourd'hui.","breadcrumb":{"@id":"https:\/\/soulfx.com\/fr\/a-propos-de-nous\/#breadcrumb"},"inLanguage":"fr-FR","potentialAction":[{"@type":"ReadAction","target":["https:\/\/soulfx.com\/fr\/a-propos-de-nous\/"]}]},{"@type":"BreadcrumbList","@id":"https:\/\/soulfx.com\/fr\/a-propos-de-nous\/#breadcrumb","itemListElement":[{"@type":"ListItem","position":1,"name":"Accueil","item":"https:\/\/soulfx.com\/fr\/"},{"@type":"ListItem","position":2,"name":"A propos de nous"}]},{"@type":"WebSite","@id":"https:\/\/soulfx.com\/fr\/#website","url":"https:\/\/soulfx.com\/fr\/","name":"Soulfx Technologies","description":"Bringing innovation to insurtech and healthcare, one product at a time","publisher":{"@id":"https:\/\/soulfx.com\/fr\/#organization"},"alternateName":"Soulfx.com","potentialAction":[{"@type":"SearchAction","target":{"@type":"EntryPoint","urlTemplate":"https:\/\/soulfx.com\/fr\/?s={search_term_string}"},"query-input":{"@type":"PropertyValueSpecification","valueRequired":true,"valueName":"search_term_string"}}],"inLanguage":"fr-FR"},{"@type":"Organization","@id":"https:\/\/soulfx.com\/fr\/#organization","name":"Soulfx Technologies Inc.","url":"https:\/\/soulfx.com\/fr\/","logo":{"@type":"ImageObject","inLanguage":"fr-FR","@id":"https:\/\/soulfx.com\/fr\/#\/schema\/logo\/image\/","url":"https:\/\/akwcbe.p3cdn1.secureserver.net\/wp-content\/uploads\/2019\/03\/soulfx.png?time=1677168669","contentUrl":"https:\/\/akwcbe.p3cdn1.secureserver.net\/wp-content\/uploads\/2019\/03\/soulfx.png?time=1677168669","width":500,"height":154,"caption":"Soulfx Technologies Inc."},"image":{"@id":"https:\/\/soulfx.com\/fr\/#\/schema\/logo\/image\/"},"sameAs":["https:\/\/www.facebook.com\/soulfx\/","https:\/\/www.instagram.com\/soulfxtech\/","https:\/\/www.youtube.com\/channel\/UCkfrrH3ooq-SV0tgUUgmcpQ","https:\/\/www.linkedin.com\/company\/soulfx-technologies\/"]}]}},"_links":{"self":[{"href":"https:\/\/soulfx.com\/fr\/wp-json\/wp\/v2\/pages\/908","targetHints":{"allow":["GET"]}}],"collection":[{"href":"https:\/\/soulfx.com\/fr\/wp-json\/wp\/v2\/pages"}],"about":[{"href":"https:\/\/soulfx.com\/fr\/wp-json\/wp\/v2\/types\/page"}],"author":[{"embeddable":true,"href":"https:\/\/soulfx.com\/fr\/wp-json\/wp\/v2\/users\/1"}],"replies":[{"embeddable":true,"href":"https:\/\/soulfx.com\/fr\/wp-json\/wp\/v2\/comments?post=908"}],"version-history":[{"count":8,"href":"https:\/\/soulfx.com\/fr\/wp-json\/wp\/v2\/pages\/908\/revisions"}],"predecessor-version":[{"id":1162,"href":"https:\/\/soulfx.com\/fr\/wp-json\/wp\/v2\/pages\/908\/revisions\/1162"}],"wp:attachment":[{"href":"https:\/\/soulfx.com\/fr\/wp-json\/wp\/v2\/media?parent=908"}],"curies":[{"name":"wp","href":"https:\/\/api.w.org\/{rel}","templated":true}]}}