{"id":919,"date":"2023-02-07T15:38:48","date_gmt":"2023-02-07T15:38:48","guid":{"rendered":"https:\/\/soulfx.com\/a-propos-de-nous\/focus-sur-les-soins-de-sante-et-les-avantages-sociaux\/"},"modified":"2023-05-08T18:01:41","modified_gmt":"2023-05-08T18:01:41","slug":"focus-sur-les-soins-de-sante-et-les-avantages-sociaux","status":"publish","type":"page","link":"https:\/\/soulfx.com\/fr\/a-propos-de-nous\/focus-sur-les-soins-de-sante-et-les-avantages-sociaux\/","title":{"rendered":"Focus sur les soins de sant\u00e9 et les avantages sociaux"},"content":{"rendered":"\n<p><a href=\"\/?page_id=908\">Soulfx<\/a> a \u00e9t\u00e9 fond\u00e9e en 2001 et se sp\u00e9cialise dans la mise sur le march\u00e9 plus rapide de vos programmes et produits. Voici un \u00e9chantillon des projets sur lesquels nous avons travaill\u00e9 :<\/p>\n\n<ul class=\"wp-block-list\">\n<li>Programmes de cartes de copayage (+ int\u00e9gration API)<\/li>\n\n\n\n<li>SA (Special Authorization) Inscription \u00e0 partir des syst\u00e8mes EMR (Electronic Medical Record)<\/li>\n\n\n\n<li>Programmes d&#8217;observance (soutien aux patients)<\/li>\n\n\n\n<li>Applications mobiles iOS et Android<\/li>\n\n\n\n<li>Int\u00e9gration \u00e0 Kroll PMS<\/li>\n\n\n\n<li>Demandes de remboursement des cliniques<\/li>\n\n\n\n<li>L&#8217;IA (intelligence artificielle) au service de la pharmacovigilance<\/li>\n\n\n\n<li>Int\u00e9gration aux programmes de visualisation de donn\u00e9es <a href=\"https:\/\/www.tableau.com\/why-tableau\/what-is-tableau\" target=\"_blank\" rel=\"noreferrer noopener\">Tableau<\/a> <\/li>\n\n\n\n<li>Int\u00e9gration \u00e0 <a href=\"https:\/\/powerbi.microsoft.com\/en-ca\/\" target=\"_blank\" rel=\"noreferrer noopener\">Microsoft Power BI<\/a><\/li>\n\n\n\n<li>Applications de remboursement des prestataires de soins de sant\u00e9 (HCP)<\/li>\n\n\n\n<li>Console de gestion des flux de travail int\u00e9gr\u00e9e au syst\u00e8me de gestion des pharmacies (Kroll)<\/li>\n\n\n\n<li>D\u00e9veloppement de <a href=\"https:\/\/myrx.care\" target=\"_blank\" rel=\"noreferrer noopener\">portails pour les pharmaciens<\/a><\/li>\n\n\n\n<li>Int\u00e9gration \u00e0 plusieurs API d&#8217;adjudicateurs<\/li>\n\n\n\n<li>Int\u00e9gration aux portefeuilles Apple (iOS) et Google<\/li>\n\n\n\n<li>Solutions techniques pour le remboursement des patients<\/li>\n\n\n\n<li>Id\u00e9ation de produits de sant\u00e9 et cartographie des solutions<\/li>\n\n\n\n<li>Programmes des payeurs<\/li>\n\n\n\n<li>Programmes d&#8217;aide financi\u00e8re aux patients reli\u00e9s aux adjudicateurs<\/li>\n\n\n\n<li>Portail du diab\u00e8te int\u00e9gr\u00e9 \u00e0 Salesforce<\/li>\n\n\n\n<li>Inscription des patients et des professionnels de la sant\u00e9 aux programmes d&#8217;aide financi\u00e8re<\/li>\n\n\n\n<li>Application mobile et portail connect\u00e9s au syst\u00e8me de gestion des pharmacies<\/li>\n\n\n\n<li>Portail d&#8217;aide aux patients atteints de maladies orphelines<\/li>\n\n\n\n<li>Portail de soutien aux patients en oncologie<\/li>\n\n\n\n<li>Programmes de soutien aux patients<\/li>\n\n\n\n<li>\u00c9ducation des professionnels de la sant\u00e9<\/li>\n\n\n\n<li>Commande de produits (bandelettes, lecteurs de glyc\u00e9mie)<\/li>\n\n\n\n<li>Enqu\u00eate sur l&#8217;exp\u00e9rience des patients de la clinique<\/li>\n\n\n\n<li>Applications iOS et Android de remboursement des patients<\/li>\n\n\n\n<li>Int\u00e9gration des API aux applications et bases de donn\u00e9es existantes<\/li>\n\n\n\n<li>Int\u00e9gration de l&#8217;API aux syst\u00e8mes de points de vente des pharmacies<\/li>\n\n\n\n<li>Int\u00e9gration de l&#8217;API dans les syst\u00e8mes de gestion des pharmacies (Kroll)<\/li>\n\n\n\n<li>Int\u00e9gration API aux applications OCR (reconnaissance optique de caract\u00e8res) pour le traitement des re\u00e7us de prescription<\/li>\n\n\n\n<li>G\u00e9n\u00e9ration de fichiers plats et int\u00e9gration de l&#8217;application du planificateur au syst\u00e8me de paiement Interac<\/li>\n\n\n\n<li>G\u00e9n\u00e9ration de fichiers plats et int\u00e9gration de l&#8217;application du planificateur au <a href=\"https:\/\/www.claimsecure.com\/\" target=\"_blank\" rel=\"noreferrer noopener\">processeur de r\u00e8glement des sinistres<\/a><\/li>\n\n\n\n<li>Audit AODA (WCAG 2.0 niveau A et niveau AA)<\/li>\n\n\n\n<li><a href=\"https:\/\/www.ipc.on.ca\/\" target=\"_blank\" rel=\"noreferrer noopener\">Rapport de conformit\u00e9 \u00e0 la LAPHO<\/a><\/li>\n\n\n\n<li>Localisateur de pharmacie utilisant des outils de d\u00e9tection de g\u00e9olocalisation<\/li>\n<\/ul>\n","protected":false},"excerpt":{"rendered":"<p>Soulfx a &eacute;t&eacute; fond&eacute;e en 2001 et se sp&eacute;cialise dans la mise sur le march&eacute; plus rapide de vos programmes et produits. Voici un &eacute;chantillon des projets sur lesquels nous avons travaill&eacute; : Programmes de cartes de copayage (+ int&eacute;gration API) SA (Special Authorization) Inscription&#8230;<\/p>\n","protected":false},"author":2,"featured_media":0,"parent":908,"menu_order":0,"comment_status":"closed","ping_status":"closed","template":"","meta":{"_coblocks_attr":"","_coblocks_dimensions":"","_coblocks_responsive_height":"","_coblocks_accordion_ie_support":"","footnotes":""},"class_list":["post-919","page","type-page","status-publish","hentry"],"yoast_head":"<!-- This site is optimized with the Yoast SEO Premium plugin v27.5 (Yoast SEO v27.5) - https:\/\/yoast.com\/product\/yoast-seo-premium-wordpress\/ -->\n<title>Focus sur les soins de sant\u00e9 et les avantages sociaux<\/title>\n<meta name=\"robots\" content=\"index, follow, max-snippet:-1, max-image-preview:large, max-video-preview:-1\" \/>\n<link rel=\"canonical\" href=\"https:\/\/soulfx.com\/fr\/a-propos-de-nous\/focus-sur-les-soins-de-sante-et-les-avantages-sociaux\/\" \/>\n<meta property=\"og:locale\" content=\"fr_FR\" \/>\n<meta property=\"og:type\" content=\"article\" \/>\n<meta property=\"og:title\" content=\"Focus sur les soins de sant\u00e9 et les avantages sociaux\" \/>\n<meta property=\"og:description\" content=\"Soulfx a &eacute;t&eacute; fond&eacute;e en 2001 et se sp&eacute;cialise dans la mise sur le march&eacute; plus rapide de vos programmes et produits. Voici un &eacute;chantillon des projets sur lesquels nous avons travaill&eacute; : Programmes de cartes de copayage (+ int&eacute;gration API) SA (Special Authorization) Inscription...\" \/>\n<meta property=\"og:url\" content=\"https:\/\/soulfx.com\/fr\/a-propos-de-nous\/focus-sur-les-soins-de-sante-et-les-avantages-sociaux\/\" \/>\n<meta property=\"og:site_name\" content=\"Soulfx Technologies Inc\" \/>\n<meta property=\"article:publisher\" content=\"https:\/\/www.facebook.com\/soulfx\/\" \/>\n<meta property=\"article:modified_time\" content=\"2023-05-08T18:01:41+00:00\" \/>\n<meta name=\"twitter:card\" content=\"summary_large_image\" \/>\n<meta name=\"twitter:label1\" content=\"Dur\u00e9e de lecture estim\u00e9e\" \/>\n\t<meta name=\"twitter:data1\" content=\"2 minutes\" \/>\n<script type=\"application\/ld+json\" class=\"yoast-schema-graph\">{\"@context\":\"https:\\\/\\\/schema.org\",\"@graph\":[{\"@type\":\"WebPage\",\"@id\":\"https:\\\/\\\/soulfx.com\\\/fr\\\/a-propos-de-nous\\\/focus-sur-les-soins-de-sante-et-les-avantages-sociaux\\\/\",\"url\":\"https:\\\/\\\/soulfx.com\\\/fr\\\/a-propos-de-nous\\\/focus-sur-les-soins-de-sante-et-les-avantages-sociaux\\\/\",\"name\":\"Focus sur les soins de sant\u00e9 et les avantages sociaux\",\"isPartOf\":{\"@id\":\"https:\\\/\\\/soulfx.com\\\/fr\\\/#website\"},\"datePublished\":\"2023-02-07T15:38:48+00:00\",\"dateModified\":\"2023-05-08T18:01:41+00:00\",\"breadcrumb\":{\"@id\":\"https:\\\/\\\/soulfx.com\\\/fr\\\/a-propos-de-nous\\\/focus-sur-les-soins-de-sante-et-les-avantages-sociaux\\\/#breadcrumb\"},\"inLanguage\":\"fr-FR\",\"potentialAction\":[{\"@type\":\"ReadAction\",\"target\":[\"https:\\\/\\\/soulfx.com\\\/fr\\\/a-propos-de-nous\\\/focus-sur-les-soins-de-sante-et-les-avantages-sociaux\\\/\"]}]},{\"@type\":\"BreadcrumbList\",\"@id\":\"https:\\\/\\\/soulfx.com\\\/fr\\\/a-propos-de-nous\\\/focus-sur-les-soins-de-sante-et-les-avantages-sociaux\\\/#breadcrumb\",\"itemListElement\":[{\"@type\":\"ListItem\",\"position\":1,\"name\":\"Accueil\",\"item\":\"https:\\\/\\\/soulfx.com\\\/fr\\\/\"},{\"@type\":\"ListItem\",\"position\":2,\"name\":\"A propos de nous\",\"item\":\"https:\\\/\\\/soulfx.com\\\/fr\\\/a-propos-de-nous\\\/\"},{\"@type\":\"ListItem\",\"position\":3,\"name\":\"Focus sur les soins de sant\u00e9 et les avantages sociaux\"}]},{\"@type\":\"WebSite\",\"@id\":\"https:\\\/\\\/soulfx.com\\\/fr\\\/#website\",\"url\":\"https:\\\/\\\/soulfx.com\\\/fr\\\/\",\"name\":\"Soulfx Technologies\",\"description\":\"Bringing innovation to insurtech and healthcare, one product at a time\",\"publisher\":{\"@id\":\"https:\\\/\\\/soulfx.com\\\/fr\\\/#organization\"},\"alternateName\":\"Soulfx.com\",\"potentialAction\":[{\"@type\":\"SearchAction\",\"target\":{\"@type\":\"EntryPoint\",\"urlTemplate\":\"https:\\\/\\\/soulfx.com\\\/fr\\\/?s={search_term_string}\"},\"query-input\":{\"@type\":\"PropertyValueSpecification\",\"valueRequired\":true,\"valueName\":\"search_term_string\"}}],\"inLanguage\":\"fr-FR\"},{\"@type\":\"Organization\",\"@id\":\"https:\\\/\\\/soulfx.com\\\/fr\\\/#organization\",\"name\":\"Soulfx Technologies Inc.\",\"url\":\"https:\\\/\\\/soulfx.com\\\/fr\\\/\",\"logo\":{\"@type\":\"ImageObject\",\"inLanguage\":\"fr-FR\",\"@id\":\"https:\\\/\\\/soulfx.com\\\/fr\\\/#\\\/schema\\\/logo\\\/image\\\/\",\"url\":\"https:\\\/\\\/akwcbe.p3cdn1.secureserver.net\\\/wp-content\\\/uploads\\\/2019\\\/03\\\/soulfx.png?time=1677168669\",\"contentUrl\":\"https:\\\/\\\/akwcbe.p3cdn1.secureserver.net\\\/wp-content\\\/uploads\\\/2019\\\/03\\\/soulfx.png?time=1677168669\",\"width\":500,\"height\":154,\"caption\":\"Soulfx Technologies Inc.\"},\"image\":{\"@id\":\"https:\\\/\\\/soulfx.com\\\/fr\\\/#\\\/schema\\\/logo\\\/image\\\/\"},\"sameAs\":[\"https:\\\/\\\/www.facebook.com\\\/soulfx\\\/\",\"https:\\\/\\\/www.instagram.com\\\/soulfxtech\\\/\",\"https:\\\/\\\/www.youtube.com\\\/channel\\\/UCkfrrH3ooq-SV0tgUUgmcpQ\",\"https:\\\/\\\/www.linkedin.com\\\/company\\\/soulfx-technologies\\\/\"]}]}<\/script>\n<!-- \/ Yoast SEO Premium plugin. -->","yoast_head_json":{"title":"Focus sur les soins de sant\u00e9 et les avantages sociaux","robots":{"index":"index","follow":"follow","max-snippet":"max-snippet:-1","max-image-preview":"max-image-preview:large","max-video-preview":"max-video-preview:-1"},"canonical":"https:\/\/soulfx.com\/fr\/a-propos-de-nous\/focus-sur-les-soins-de-sante-et-les-avantages-sociaux\/","og_locale":"fr_FR","og_type":"article","og_title":"Focus sur les soins de sant\u00e9 et les avantages sociaux","og_description":"Soulfx a &eacute;t&eacute; fond&eacute;e en 2001 et se sp&eacute;cialise dans la mise sur le march&eacute; plus rapide de vos programmes et produits. Voici un &eacute;chantillon des projets sur lesquels nous avons travaill&eacute; : Programmes de cartes de copayage (+ int&eacute;gration API) SA (Special Authorization) Inscription...","og_url":"https:\/\/soulfx.com\/fr\/a-propos-de-nous\/focus-sur-les-soins-de-sante-et-les-avantages-sociaux\/","og_site_name":"Soulfx Technologies Inc","article_publisher":"https:\/\/www.facebook.com\/soulfx\/","article_modified_time":"2023-05-08T18:01:41+00:00","twitter_card":"summary_large_image","twitter_misc":{"Dur\u00e9e de lecture estim\u00e9e":"2 minutes"},"schema":{"@context":"https:\/\/schema.org","@graph":[{"@type":"WebPage","@id":"https:\/\/soulfx.com\/fr\/a-propos-de-nous\/focus-sur-les-soins-de-sante-et-les-avantages-sociaux\/","url":"https:\/\/soulfx.com\/fr\/a-propos-de-nous\/focus-sur-les-soins-de-sante-et-les-avantages-sociaux\/","name":"Focus sur les soins de sant\u00e9 et les avantages sociaux","isPartOf":{"@id":"https:\/\/soulfx.com\/fr\/#website"},"datePublished":"2023-02-07T15:38:48+00:00","dateModified":"2023-05-08T18:01:41+00:00","breadcrumb":{"@id":"https:\/\/soulfx.com\/fr\/a-propos-de-nous\/focus-sur-les-soins-de-sante-et-les-avantages-sociaux\/#breadcrumb"},"inLanguage":"fr-FR","potentialAction":[{"@type":"ReadAction","target":["https:\/\/soulfx.com\/fr\/a-propos-de-nous\/focus-sur-les-soins-de-sante-et-les-avantages-sociaux\/"]}]},{"@type":"BreadcrumbList","@id":"https:\/\/soulfx.com\/fr\/a-propos-de-nous\/focus-sur-les-soins-de-sante-et-les-avantages-sociaux\/#breadcrumb","itemListElement":[{"@type":"ListItem","position":1,"name":"Accueil","item":"https:\/\/soulfx.com\/fr\/"},{"@type":"ListItem","position":2,"name":"A propos de nous","item":"https:\/\/soulfx.com\/fr\/a-propos-de-nous\/"},{"@type":"ListItem","position":3,"name":"Focus sur les soins de sant\u00e9 et les avantages sociaux"}]},{"@type":"WebSite","@id":"https:\/\/soulfx.com\/fr\/#website","url":"https:\/\/soulfx.com\/fr\/","name":"Soulfx Technologies","description":"Bringing innovation to insurtech and healthcare, one product at a time","publisher":{"@id":"https:\/\/soulfx.com\/fr\/#organization"},"alternateName":"Soulfx.com","potentialAction":[{"@type":"SearchAction","target":{"@type":"EntryPoint","urlTemplate":"https:\/\/soulfx.com\/fr\/?s={search_term_string}"},"query-input":{"@type":"PropertyValueSpecification","valueRequired":true,"valueName":"search_term_string"}}],"inLanguage":"fr-FR"},{"@type":"Organization","@id":"https:\/\/soulfx.com\/fr\/#organization","name":"Soulfx Technologies Inc.","url":"https:\/\/soulfx.com\/fr\/","logo":{"@type":"ImageObject","inLanguage":"fr-FR","@id":"https:\/\/soulfx.com\/fr\/#\/schema\/logo\/image\/","url":"https:\/\/akwcbe.p3cdn1.secureserver.net\/wp-content\/uploads\/2019\/03\/soulfx.png?time=1677168669","contentUrl":"https:\/\/akwcbe.p3cdn1.secureserver.net\/wp-content\/uploads\/2019\/03\/soulfx.png?time=1677168669","width":500,"height":154,"caption":"Soulfx Technologies Inc."},"image":{"@id":"https:\/\/soulfx.com\/fr\/#\/schema\/logo\/image\/"},"sameAs":["https:\/\/www.facebook.com\/soulfx\/","https:\/\/www.instagram.com\/soulfxtech\/","https:\/\/www.youtube.com\/channel\/UCkfrrH3ooq-SV0tgUUgmcpQ","https:\/\/www.linkedin.com\/company\/soulfx-technologies\/"]}]}},"_links":{"self":[{"href":"https:\/\/soulfx.com\/fr\/wp-json\/wp\/v2\/pages\/919","targetHints":{"allow":["GET"]}}],"collection":[{"href":"https:\/\/soulfx.com\/fr\/wp-json\/wp\/v2\/pages"}],"about":[{"href":"https:\/\/soulfx.com\/fr\/wp-json\/wp\/v2\/types\/page"}],"author":[{"embeddable":true,"href":"https:\/\/soulfx.com\/fr\/wp-json\/wp\/v2\/users\/2"}],"replies":[{"embeddable":true,"href":"https:\/\/soulfx.com\/fr\/wp-json\/wp\/v2\/comments?post=919"}],"version-history":[{"count":5,"href":"https:\/\/soulfx.com\/fr\/wp-json\/wp\/v2\/pages\/919\/revisions"}],"predecessor-version":[{"id":1159,"href":"https:\/\/soulfx.com\/fr\/wp-json\/wp\/v2\/pages\/919\/revisions\/1159"}],"up":[{"embeddable":true,"href":"https:\/\/soulfx.com\/fr\/wp-json\/wp\/v2\/pages\/908"}],"wp:attachment":[{"href":"https:\/\/soulfx.com\/fr\/wp-json\/wp\/v2\/media?parent=919"}],"curies":[{"name":"wp","href":"https:\/\/api.w.org\/{rel}","templated":true}]}}