{"id":922,"date":"2019-06-06T16:57:15","date_gmt":"2019-06-06T16:57:15","guid":{"rendered":"https:\/\/soulfx.com\/nouvelles\/"},"modified":"2023-02-24T16:50:55","modified_gmt":"2023-02-24T16:50:55","slug":"nouvelles","status":"publish","type":"page","link":"https:\/\/soulfx.com\/fr\/nouvelles\/","title":{"rendered":"Nouvelles"},"content":{"rendered":"<div class=\"wpb-content-wrapper\"><p>[vc_row][vc_column][vc_column_text]<\/p>\nWelcome to the news section of Soulfx Technologies, where we provide the latest updates on our innovative products and services, industry trends, and healthcare breakthroughs. As a company dedicated to creating cutting-edge healthcare solutions, we are constantly pushing the boundaries of what&#8217;s possible and striving to improve patient outcomes.&#13;\n<p><\/p>In our news section, we share updates on our latest products and services, as well as insights into the latest trends and breakthroughs in the industry. Our team is committed to keeping you informed on the latest advancements in healthcare technology, and our news section is the go-to resource for staying up-to-date on the latest developments.&#13;\n<p><\/p>Join us in our mission to revolutionize healthcare through innovation and cutting-edge technology.&#13;\n<p><\/p><p>[\/vc_column_text][\/vc_column][\/vc_row]<\/p>\n<\/div>","protected":false},"excerpt":{"rendered":"<p>[vc_row][vc_column][vc_column_text] Welcome to the news section of Soulfx Technologies, where we provide the latest updates on our innovative products and services, industry trends, and healthcare breakthroughs. As a company dedicated to creating cutting-edge healthcare solutions, we are constantly pushing the boundaries of what&rsquo;s possible and&#8230;<\/p>\n","protected":false},"author":1,"featured_media":0,"parent":0,"menu_order":0,"comment_status":"closed","ping_status":"closed","template":"page-blog.php","meta":{"_coblocks_attr":"","_coblocks_dimensions":"","_coblocks_responsive_height":"","_coblocks_accordion_ie_support":"","footnotes":""},"class_list":["post-922","page","type-page","status-publish","hentry"],"yoast_head":"<!-- This site is optimized with the Yoast SEO Premium plugin v27.5 (Yoast SEO v27.5) - https:\/\/yoast.com\/product\/yoast-seo-premium-wordpress\/ -->\n<title>Nouvelles<\/title>\n<meta name=\"description\" content=\"Bienvenue dans la section &quot;Actualit\u00e9s&quot; de Soulfx Technologies, o\u00f9 vous trouverez les derni\u00e8res informations sur nos produits et services innovants, les tendances du secteur et les avanc\u00e9es dans le domaine des soins de sant\u00e9. En tant qu&#039;entreprise qui se consacre \u00e0 la cr\u00e9ation de solutions de soins de sant\u00e9 de pointe, nous repoussons constamment les limites du possible et nous nous effor\u00e7ons d&#039;am\u00e9liorer les r\u00e9sultats pour les patients.\" \/>\n<meta name=\"robots\" content=\"index, follow, max-snippet:-1, max-image-preview:large, max-video-preview:-1\" \/>\n<link rel=\"canonical\" href=\"https:\/\/soulfx.com\/fr\/nouvelles\/\" \/>\n<meta property=\"og:locale\" content=\"fr_FR\" \/>\n<meta property=\"og:type\" content=\"article\" \/>\n<meta property=\"og:title\" content=\"Nouvelles\" \/>\n<meta property=\"og:description\" content=\"Bienvenue dans la section &quot;Actualit\u00e9s&quot; de Soulfx Technologies, o\u00f9 vous trouverez les derni\u00e8res informations sur nos produits et services innovants, les tendances du secteur et les avanc\u00e9es dans le domaine des soins de sant\u00e9. En tant qu&#039;entreprise qui se consacre \u00e0 la cr\u00e9ation de solutions de soins de sant\u00e9 de pointe, nous repoussons constamment les limites du possible et nous nous effor\u00e7ons d&#039;am\u00e9liorer les r\u00e9sultats pour les patients.\" \/>\n<meta property=\"og:url\" content=\"https:\/\/soulfx.com\/fr\/nouvelles\/\" \/>\n<meta property=\"og:site_name\" content=\"Soulfx Technologies Inc\" \/>\n<meta property=\"article:publisher\" content=\"https:\/\/www.facebook.com\/soulfx\/\" \/>\n<meta property=\"article:modified_time\" content=\"2023-02-24T16:50:55+00:00\" \/>\n<meta name=\"twitter:card\" content=\"summary_large_image\" \/>\n<meta name=\"twitter:label1\" content=\"Dur\u00e9e de lecture estim\u00e9e\" \/>\n\t<meta name=\"twitter:data1\" content=\"1 minute\" \/>\n<script type=\"application\/ld+json\" class=\"yoast-schema-graph\">{\"@context\":\"https:\\\/\\\/schema.org\",\"@graph\":[{\"@type\":\"WebPage\",\"@id\":\"https:\\\/\\\/soulfx.com\\\/fr\\\/nouvelles\\\/\",\"url\":\"https:\\\/\\\/soulfx.com\\\/fr\\\/nouvelles\\\/\",\"name\":\"Nouvelles\",\"isPartOf\":{\"@id\":\"https:\\\/\\\/soulfx.com\\\/fr\\\/#website\"},\"datePublished\":\"2019-06-06T16:57:15+00:00\",\"dateModified\":\"2023-02-24T16:50:55+00:00\",\"description\":\"Bienvenue dans la section \\\"Actualit\u00e9s\\\" de Soulfx Technologies, o\u00f9 vous trouverez les derni\u00e8res informations sur nos produits et services innovants, les tendances du secteur et les avanc\u00e9es dans le domaine des soins de sant\u00e9. En tant qu'entreprise qui se consacre \u00e0 la cr\u00e9ation de solutions de soins de sant\u00e9 de pointe, nous repoussons constamment les limites du possible et nous nous effor\u00e7ons d'am\u00e9liorer les r\u00e9sultats pour les patients.\",\"breadcrumb\":{\"@id\":\"https:\\\/\\\/soulfx.com\\\/fr\\\/nouvelles\\\/#breadcrumb\"},\"inLanguage\":\"fr-FR\",\"potentialAction\":[{\"@type\":\"ReadAction\",\"target\":[\"https:\\\/\\\/soulfx.com\\\/fr\\\/nouvelles\\\/\"]}]},{\"@type\":\"BreadcrumbList\",\"@id\":\"https:\\\/\\\/soulfx.com\\\/fr\\\/nouvelles\\\/#breadcrumb\",\"itemListElement\":[{\"@type\":\"ListItem\",\"position\":1,\"name\":\"Accueil\",\"item\":\"https:\\\/\\\/soulfx.com\\\/fr\\\/\"},{\"@type\":\"ListItem\",\"position\":2,\"name\":\"Nouvelles\"}]},{\"@type\":\"WebSite\",\"@id\":\"https:\\\/\\\/soulfx.com\\\/fr\\\/#website\",\"url\":\"https:\\\/\\\/soulfx.com\\\/fr\\\/\",\"name\":\"Soulfx Technologies\",\"description\":\"Bringing innovation to insurtech and healthcare, one product at a time\",\"publisher\":{\"@id\":\"https:\\\/\\\/soulfx.com\\\/fr\\\/#organization\"},\"alternateName\":\"Soulfx.com\",\"potentialAction\":[{\"@type\":\"SearchAction\",\"target\":{\"@type\":\"EntryPoint\",\"urlTemplate\":\"https:\\\/\\\/soulfx.com\\\/fr\\\/?s={search_term_string}\"},\"query-input\":{\"@type\":\"PropertyValueSpecification\",\"valueRequired\":true,\"valueName\":\"search_term_string\"}}],\"inLanguage\":\"fr-FR\"},{\"@type\":\"Organization\",\"@id\":\"https:\\\/\\\/soulfx.com\\\/fr\\\/#organization\",\"name\":\"Soulfx Technologies Inc.\",\"url\":\"https:\\\/\\\/soulfx.com\\\/fr\\\/\",\"logo\":{\"@type\":\"ImageObject\",\"inLanguage\":\"fr-FR\",\"@id\":\"https:\\\/\\\/soulfx.com\\\/fr\\\/#\\\/schema\\\/logo\\\/image\\\/\",\"url\":\"https:\\\/\\\/akwcbe.p3cdn1.secureserver.net\\\/wp-content\\\/uploads\\\/2019\\\/03\\\/soulfx.png?time=1677168669\",\"contentUrl\":\"https:\\\/\\\/akwcbe.p3cdn1.secureserver.net\\\/wp-content\\\/uploads\\\/2019\\\/03\\\/soulfx.png?time=1677168669\",\"width\":500,\"height\":154,\"caption\":\"Soulfx Technologies Inc.\"},\"image\":{\"@id\":\"https:\\\/\\\/soulfx.com\\\/fr\\\/#\\\/schema\\\/logo\\\/image\\\/\"},\"sameAs\":[\"https:\\\/\\\/www.facebook.com\\\/soulfx\\\/\",\"https:\\\/\\\/www.instagram.com\\\/soulfxtech\\\/\",\"https:\\\/\\\/www.youtube.com\\\/channel\\\/UCkfrrH3ooq-SV0tgUUgmcpQ\",\"https:\\\/\\\/www.linkedin.com\\\/company\\\/soulfx-technologies\\\/\"]}]}<\/script>\n<!-- \/ Yoast SEO Premium plugin. -->","yoast_head_json":{"title":"Nouvelles","description":"Bienvenue dans la section \"Actualit\u00e9s\" de Soulfx Technologies, o\u00f9 vous trouverez les derni\u00e8res informations sur nos produits et services innovants, les tendances du secteur et les avanc\u00e9es dans le domaine des soins de sant\u00e9. En tant qu'entreprise qui se consacre \u00e0 la cr\u00e9ation de solutions de soins de sant\u00e9 de pointe, nous repoussons constamment les limites du possible et nous nous effor\u00e7ons d'am\u00e9liorer les r\u00e9sultats pour les patients.","robots":{"index":"index","follow":"follow","max-snippet":"max-snippet:-1","max-image-preview":"max-image-preview:large","max-video-preview":"max-video-preview:-1"},"canonical":"https:\/\/soulfx.com\/fr\/nouvelles\/","og_locale":"fr_FR","og_type":"article","og_title":"Nouvelles","og_description":"Bienvenue dans la section \"Actualit\u00e9s\" de Soulfx Technologies, o\u00f9 vous trouverez les derni\u00e8res informations sur nos produits et services innovants, les tendances du secteur et les avanc\u00e9es dans le domaine des soins de sant\u00e9. En tant qu'entreprise qui se consacre \u00e0 la cr\u00e9ation de solutions de soins de sant\u00e9 de pointe, nous repoussons constamment les limites du possible et nous nous effor\u00e7ons d'am\u00e9liorer les r\u00e9sultats pour les patients.","og_url":"https:\/\/soulfx.com\/fr\/nouvelles\/","og_site_name":"Soulfx Technologies Inc","article_publisher":"https:\/\/www.facebook.com\/soulfx\/","article_modified_time":"2023-02-24T16:50:55+00:00","twitter_card":"summary_large_image","twitter_misc":{"Dur\u00e9e de lecture estim\u00e9e":"1 minute"},"schema":{"@context":"https:\/\/schema.org","@graph":[{"@type":"WebPage","@id":"https:\/\/soulfx.com\/fr\/nouvelles\/","url":"https:\/\/soulfx.com\/fr\/nouvelles\/","name":"Nouvelles","isPartOf":{"@id":"https:\/\/soulfx.com\/fr\/#website"},"datePublished":"2019-06-06T16:57:15+00:00","dateModified":"2023-02-24T16:50:55+00:00","description":"Bienvenue dans la section \"Actualit\u00e9s\" de Soulfx Technologies, o\u00f9 vous trouverez les derni\u00e8res informations sur nos produits et services innovants, les tendances du secteur et les avanc\u00e9es dans le domaine des soins de sant\u00e9. En tant qu'entreprise qui se consacre \u00e0 la cr\u00e9ation de solutions de soins de sant\u00e9 de pointe, nous repoussons constamment les limites du possible et nous nous effor\u00e7ons d'am\u00e9liorer les r\u00e9sultats pour les patients.","breadcrumb":{"@id":"https:\/\/soulfx.com\/fr\/nouvelles\/#breadcrumb"},"inLanguage":"fr-FR","potentialAction":[{"@type":"ReadAction","target":["https:\/\/soulfx.com\/fr\/nouvelles\/"]}]},{"@type":"BreadcrumbList","@id":"https:\/\/soulfx.com\/fr\/nouvelles\/#breadcrumb","itemListElement":[{"@type":"ListItem","position":1,"name":"Accueil","item":"https:\/\/soulfx.com\/fr\/"},{"@type":"ListItem","position":2,"name":"Nouvelles"}]},{"@type":"WebSite","@id":"https:\/\/soulfx.com\/fr\/#website","url":"https:\/\/soulfx.com\/fr\/","name":"Soulfx Technologies","description":"Bringing innovation to insurtech and healthcare, one product at a time","publisher":{"@id":"https:\/\/soulfx.com\/fr\/#organization"},"alternateName":"Soulfx.com","potentialAction":[{"@type":"SearchAction","target":{"@type":"EntryPoint","urlTemplate":"https:\/\/soulfx.com\/fr\/?s={search_term_string}"},"query-input":{"@type":"PropertyValueSpecification","valueRequired":true,"valueName":"search_term_string"}}],"inLanguage":"fr-FR"},{"@type":"Organization","@id":"https:\/\/soulfx.com\/fr\/#organization","name":"Soulfx Technologies Inc.","url":"https:\/\/soulfx.com\/fr\/","logo":{"@type":"ImageObject","inLanguage":"fr-FR","@id":"https:\/\/soulfx.com\/fr\/#\/schema\/logo\/image\/","url":"https:\/\/akwcbe.p3cdn1.secureserver.net\/wp-content\/uploads\/2019\/03\/soulfx.png?time=1677168669","contentUrl":"https:\/\/akwcbe.p3cdn1.secureserver.net\/wp-content\/uploads\/2019\/03\/soulfx.png?time=1677168669","width":500,"height":154,"caption":"Soulfx Technologies Inc."},"image":{"@id":"https:\/\/soulfx.com\/fr\/#\/schema\/logo\/image\/"},"sameAs":["https:\/\/www.facebook.com\/soulfx\/","https:\/\/www.instagram.com\/soulfxtech\/","https:\/\/www.youtube.com\/channel\/UCkfrrH3ooq-SV0tgUUgmcpQ","https:\/\/www.linkedin.com\/company\/soulfx-technologies\/"]}]}},"_links":{"self":[{"href":"https:\/\/soulfx.com\/fr\/wp-json\/wp\/v2\/pages\/922","targetHints":{"allow":["GET"]}}],"collection":[{"href":"https:\/\/soulfx.com\/fr\/wp-json\/wp\/v2\/pages"}],"about":[{"href":"https:\/\/soulfx.com\/fr\/wp-json\/wp\/v2\/types\/page"}],"author":[{"embeddable":true,"href":"https:\/\/soulfx.com\/fr\/wp-json\/wp\/v2\/users\/1"}],"replies":[{"embeddable":true,"href":"https:\/\/soulfx.com\/fr\/wp-json\/wp\/v2\/comments?post=922"}],"version-history":[{"count":4,"href":"https:\/\/soulfx.com\/fr\/wp-json\/wp\/v2\/pages\/922\/revisions"}],"predecessor-version":[{"id":938,"href":"https:\/\/soulfx.com\/fr\/wp-json\/wp\/v2\/pages\/922\/revisions\/938"}],"wp:attachment":[{"href":"https:\/\/soulfx.com\/fr\/wp-json\/wp\/v2\/media?parent=922"}],"curies":[{"name":"wp","href":"https:\/\/api.w.org\/{rel}","templated":true}]}}