{"id":945,"date":"2023-02-21T14:47:27","date_gmt":"2023-02-21T14:47:27","guid":{"rendered":"https:\/\/soulfx.com\/a-propos-de-nous\/le-meilleur-developpeur-canadien-dapplications-mobiles-pour-les-soins-de-sante\/"},"modified":"2023-02-24T16:51:04","modified_gmt":"2023-02-24T16:51:04","slug":"le-meilleur-developpeur-canadien-dapplications-mobiles-pour-les-soins-de-sante","status":"publish","type":"page","link":"https:\/\/soulfx.com\/fr\/a-propos-de-nous\/le-meilleur-developpeur-canadien-dapplications-mobiles-pour-les-soins-de-sante\/","title":{"rendered":"Le meilleur d\u00e9veloppeur canadien d&#8217;applications mobiles pour les soins de sant\u00e9"},"content":{"rendered":"\n<p>Soulfx Technologies est l&#8217;un des principaux d\u00e9veloppeurs de solutions mobiles pour les soins de sant\u00e9 au Canada. Elle offre une vaste gamme de solutions de soins de sant\u00e9 qui tirent parti des derni\u00e8res technologies pour aider les fournisseurs de soins de sant\u00e9 et les patients. Il y a de nombreuses raisons pour lesquelles Soulfx Technologies se distingue comme le meilleur d\u00e9veloppeur de soins de sant\u00e9 mobiles au Canada.<\/p>\n\n<p><strong>Expertise en mati\u00e8re de soins de sant\u00e9<\/strong><\/p>\n\n<p>Soulfx Technologies poss\u00e8de une expertise approfondie dans le secteur des soins de sant\u00e9. Leur \u00e9quipe comprend des d\u00e9veloppeurs, des concepteurs et des chefs de projet exp\u00e9riment\u00e9s qui ont travaill\u00e9 avec des organismes de soins de sant\u00e9 de toutes tailles. Ils comprennent les besoins uniques des prestataires de soins de sant\u00e9 et des patients, et sont capables d&#8217;\u00e9laborer des solutions qui r\u00e9pondent \u00e0 ces besoins.<\/p>\n\n<p><strong>Solutions innovantes<\/strong><\/p>\n\n<p>Soulfx Technologies est connu pour ses solutions innovantes en mati\u00e8re de soins de sant\u00e9. Ils explorent constamment les nouvelles technologies et trouvent de nouvelles fa\u00e7ons de les appliquer aux soins de sant\u00e9. Leurs solutions comprennent des applications mobiles, des applications web et d&#8217;autres outils num\u00e9riques qui permettent aux prestataires de soins de sant\u00e9 de fournir plus facilement des soins et aux patients de g\u00e9rer leur sant\u00e9.<\/p>\n\n<p><strong>D\u00e9veloppement de haute qualit\u00e9<\/strong><\/p>\n\n<p>Soulfx Technologies s&#8217;engage \u00e0 d\u00e9velopper des solutions de soins de sant\u00e9 de haute qualit\u00e9. Ils suivent les meilleures pratiques en mati\u00e8re de d\u00e9veloppement de logiciels, notamment des processus rigoureux de test et d&#8217;assurance qualit\u00e9. Leurs solutions sont fiables, s\u00e9curis\u00e9es et faciles \u00e0 utiliser, ce qui garantit une exp\u00e9rience positive tant pour les prestataires de soins que pour les patients.<\/p>\n\n<p><strong>Solutions personnalis\u00e9es<\/strong><\/p>\n\n<p>Soulfx Technologies comprend que chaque organisation de soins de sant\u00e9 a des besoins uniques. C&#8217;est pourquoi ils proposent des solutions personnalis\u00e9es, adapt\u00e9es aux besoins sp\u00e9cifiques de chaque client. Ils travaillent en \u00e9troite collaboration avec les clients pour comprendre leurs besoins et \u00e9laborer des solutions qui y r\u00e9pondent, en veillant \u00e0 ce qu&#8217;ils tirent le meilleur parti de leur investissement.<\/p>\n\n<p><strong>Se concentrer sur l&#8217;exp\u00e9rience de l&#8217;utilisateur<\/strong><\/p>\n\n<p>Soulfx Technologies accorde une grande importance \u00e0 l&#8217;exp\u00e9rience des utilisateurs. Ils comprennent que les prestataires de soins de sant\u00e9 et les patients ont besoin de solutions faciles \u00e0 utiliser et intuitives. Leurs solutions sont con\u00e7ues en fonction de l&#8217;utilisateur final, ce qui garantit qu&#8217;elles sont conviviales et efficaces.<\/p>\n\n<p><strong>Un soutien fort<\/strong><\/p>\n\n<p>Soulfx Technologies offre un soutien solide pour ses solutions de soins de sant\u00e9. Ils fournissent un soutien continu pour s&#8217;assurer que leurs solutions continuent de r\u00e9pondre aux besoins de leurs clients. Ils proposent \u00e9galement des formations et des ressources pour aider les prestataires de soins et les patients \u00e0 tirer le meilleur parti de leurs solutions.<\/p>\n\n<p><strong>Des ant\u00e9c\u00e9dents prouv\u00e9s<\/strong><\/p>\n\n<p>Enfin, Soulfx Technologies a fait ses preuves dans le domaine des soins de sant\u00e9. L&#8217;entreprise a d\u00e9velopp\u00e9 des solutions pour un large \u00e9ventail d&#8217;organismes de sant\u00e9. Leurs solutions ont aid\u00e9 les fournisseurs de soins de sant\u00e9 \u00e0 am\u00e9liorer les soins aux patients, \u00e0 accro\u00eetre l&#8217;efficacit\u00e9 et \u00e0 r\u00e9duire les co\u00fbts.<\/p>\n\n<p>Soulfx Technologies est le meilleur d\u00e9veloppeur de soins de sant\u00e9 mobiles au Canada. Gr\u00e2ce \u00e0 leur expertise dans le domaine des soins de sant\u00e9, \u00e0 leurs solutions innovantes, \u00e0 leur d\u00e9veloppement de haute qualit\u00e9, \u00e0 leurs solutions personnalis\u00e9es, \u00e0 l&#8217;importance qu&#8217;ils accordent \u00e0 l&#8217;exp\u00e9rience des utilisateurs, \u00e0 leur soutien solide et \u00e0 leurs r\u00e9sultats av\u00e9r\u00e9s, ils constituent un choix \u00e9vident pour les organismes de soins de sant\u00e9 qui cherchent \u00e0 tirer parti de la technologie pour am\u00e9liorer les soins aux patients et les r\u00e9sultats.<\/p>\n","protected":false},"excerpt":{"rendered":"<p>Soulfx Technologies est l&rsquo;un des principaux d&eacute;veloppeurs de solutions mobiles pour les soins de sant&eacute; au Canada. Elle offre une vaste gamme de solutions de soins de sant&eacute; qui tirent parti des derni&egrave;res technologies pour aider les fournisseurs de soins de sant&eacute; et les patients&#8230;.<\/p>\n","protected":false},"author":1,"featured_media":0,"parent":908,"menu_order":2,"comment_status":"closed","ping_status":"closed","template":"","meta":{"_coblocks_attr":"","_coblocks_dimensions":"","_coblocks_responsive_height":"","_coblocks_accordion_ie_support":"","footnotes":""},"class_list":["post-945","page","type-page","status-publish","hentry"],"yoast_head":"<!-- This site is optimized with the Yoast SEO Premium plugin v27.5 (Yoast SEO v27.5) - https:\/\/yoast.com\/product\/yoast-seo-premium-wordpress\/ -->\n<title>Le meilleur d\u00e9veloppeur canadien d&#039;applications mobiles pour les soins de sant\u00e9<\/title>\n<meta name=\"description\" content=\"Soulfx Technologies est l&#039;un des principaux d\u00e9veloppeurs de solutions mobiles pour les soins de sant\u00e9 au Canada. Elle offre une vaste gamme de solutions de soins de sant\u00e9 qui tirent parti des derni\u00e8res technologies pour aider les fournisseurs de soins de sant\u00e9 et les patients. Il y a de nombreuses raisons pour lesquelles Soulfx Technologies se distingue comme le meilleur d\u00e9veloppeur de soins de sant\u00e9 mobiles au Canada.\" \/>\n<meta name=\"robots\" content=\"index, follow, max-snippet:-1, max-image-preview:large, max-video-preview:-1\" \/>\n<link rel=\"canonical\" href=\"https:\/\/soulfx.com\/fr\/a-propos-de-nous\/le-meilleur-developpeur-canadien-dapplications-mobiles-pour-les-soins-de-sante\/\" \/>\n<meta property=\"og:locale\" content=\"fr_FR\" \/>\n<meta property=\"og:type\" content=\"article\" \/>\n<meta property=\"og:title\" content=\"Le meilleur d\u00e9veloppeur canadien d&#039;applications mobiles pour les soins de sant\u00e9\" \/>\n<meta property=\"og:description\" content=\"Soulfx Technologies est l&#039;un des principaux d\u00e9veloppeurs de solutions mobiles pour les soins de sant\u00e9 au Canada. Elle offre une vaste gamme de solutions de soins de sant\u00e9 qui tirent parti des derni\u00e8res technologies pour aider les fournisseurs de soins de sant\u00e9 et les patients. Il y a de nombreuses raisons pour lesquelles Soulfx Technologies se distingue comme le meilleur d\u00e9veloppeur de soins de sant\u00e9 mobiles au Canada.\" \/>\n<meta property=\"og:url\" content=\"https:\/\/soulfx.com\/fr\/a-propos-de-nous\/le-meilleur-developpeur-canadien-dapplications-mobiles-pour-les-soins-de-sante\/\" \/>\n<meta property=\"og:site_name\" content=\"Soulfx Technologies Inc\" \/>\n<meta property=\"article:publisher\" content=\"https:\/\/www.facebook.com\/soulfx\/\" \/>\n<meta property=\"article:modified_time\" content=\"2023-02-24T16:51:04+00:00\" \/>\n<meta name=\"twitter:card\" content=\"summary_large_image\" \/>\n<meta name=\"twitter:label1\" content=\"Dur\u00e9e de lecture estim\u00e9e\" \/>\n\t<meta name=\"twitter:data1\" content=\"3 minutes\" \/>\n<script type=\"application\/ld+json\" class=\"yoast-schema-graph\">{\"@context\":\"https:\\\/\\\/schema.org\",\"@graph\":[{\"@type\":\"WebPage\",\"@id\":\"https:\\\/\\\/soulfx.com\\\/fr\\\/a-propos-de-nous\\\/le-meilleur-developpeur-canadien-dapplications-mobiles-pour-les-soins-de-sante\\\/\",\"url\":\"https:\\\/\\\/soulfx.com\\\/fr\\\/a-propos-de-nous\\\/le-meilleur-developpeur-canadien-dapplications-mobiles-pour-les-soins-de-sante\\\/\",\"name\":\"Le meilleur d\u00e9veloppeur canadien d'applications mobiles pour les soins de sant\u00e9\",\"isPartOf\":{\"@id\":\"https:\\\/\\\/soulfx.com\\\/fr\\\/#website\"},\"datePublished\":\"2023-02-21T14:47:27+00:00\",\"dateModified\":\"2023-02-24T16:51:04+00:00\",\"description\":\"Soulfx Technologies est l'un des principaux d\u00e9veloppeurs de solutions mobiles pour les soins de sant\u00e9 au Canada. Elle offre une vaste gamme de solutions de soins de sant\u00e9 qui tirent parti des derni\u00e8res technologies pour aider les fournisseurs de soins de sant\u00e9 et les patients. Il y a de nombreuses raisons pour lesquelles Soulfx Technologies se distingue comme le meilleur d\u00e9veloppeur de soins de sant\u00e9 mobiles au Canada.\",\"breadcrumb\":{\"@id\":\"https:\\\/\\\/soulfx.com\\\/fr\\\/a-propos-de-nous\\\/le-meilleur-developpeur-canadien-dapplications-mobiles-pour-les-soins-de-sante\\\/#breadcrumb\"},\"inLanguage\":\"fr-FR\",\"potentialAction\":[{\"@type\":\"ReadAction\",\"target\":[\"https:\\\/\\\/soulfx.com\\\/fr\\\/a-propos-de-nous\\\/le-meilleur-developpeur-canadien-dapplications-mobiles-pour-les-soins-de-sante\\\/\"]}]},{\"@type\":\"BreadcrumbList\",\"@id\":\"https:\\\/\\\/soulfx.com\\\/fr\\\/a-propos-de-nous\\\/le-meilleur-developpeur-canadien-dapplications-mobiles-pour-les-soins-de-sante\\\/#breadcrumb\",\"itemListElement\":[{\"@type\":\"ListItem\",\"position\":1,\"name\":\"Accueil\",\"item\":\"https:\\\/\\\/soulfx.com\\\/fr\\\/\"},{\"@type\":\"ListItem\",\"position\":2,\"name\":\"A propos de nous\",\"item\":\"https:\\\/\\\/soulfx.com\\\/fr\\\/a-propos-de-nous\\\/\"},{\"@type\":\"ListItem\",\"position\":3,\"name\":\"Le meilleur d\u00e9veloppeur canadien d&#8217;applications mobiles pour les soins de sant\u00e9\"}]},{\"@type\":\"WebSite\",\"@id\":\"https:\\\/\\\/soulfx.com\\\/fr\\\/#website\",\"url\":\"https:\\\/\\\/soulfx.com\\\/fr\\\/\",\"name\":\"Soulfx Technologies\",\"description\":\"Bringing innovation to insurtech and healthcare, one product at a time\",\"publisher\":{\"@id\":\"https:\\\/\\\/soulfx.com\\\/fr\\\/#organization\"},\"alternateName\":\"Soulfx.com\",\"potentialAction\":[{\"@type\":\"SearchAction\",\"target\":{\"@type\":\"EntryPoint\",\"urlTemplate\":\"https:\\\/\\\/soulfx.com\\\/fr\\\/?s={search_term_string}\"},\"query-input\":{\"@type\":\"PropertyValueSpecification\",\"valueRequired\":true,\"valueName\":\"search_term_string\"}}],\"inLanguage\":\"fr-FR\"},{\"@type\":\"Organization\",\"@id\":\"https:\\\/\\\/soulfx.com\\\/fr\\\/#organization\",\"name\":\"Soulfx Technologies Inc.\",\"url\":\"https:\\\/\\\/soulfx.com\\\/fr\\\/\",\"logo\":{\"@type\":\"ImageObject\",\"inLanguage\":\"fr-FR\",\"@id\":\"https:\\\/\\\/soulfx.com\\\/fr\\\/#\\\/schema\\\/logo\\\/image\\\/\",\"url\":\"https:\\\/\\\/akwcbe.p3cdn1.secureserver.net\\\/wp-content\\\/uploads\\\/2019\\\/03\\\/soulfx.png?time=1677168669\",\"contentUrl\":\"https:\\\/\\\/akwcbe.p3cdn1.secureserver.net\\\/wp-content\\\/uploads\\\/2019\\\/03\\\/soulfx.png?time=1677168669\",\"width\":500,\"height\":154,\"caption\":\"Soulfx Technologies Inc.\"},\"image\":{\"@id\":\"https:\\\/\\\/soulfx.com\\\/fr\\\/#\\\/schema\\\/logo\\\/image\\\/\"},\"sameAs\":[\"https:\\\/\\\/www.facebook.com\\\/soulfx\\\/\",\"https:\\\/\\\/www.instagram.com\\\/soulfxtech\\\/\",\"https:\\\/\\\/www.youtube.com\\\/channel\\\/UCkfrrH3ooq-SV0tgUUgmcpQ\",\"https:\\\/\\\/www.linkedin.com\\\/company\\\/soulfx-technologies\\\/\"]}]}<\/script>\n<!-- \/ Yoast SEO Premium plugin. -->","yoast_head_json":{"title":"Le meilleur d\u00e9veloppeur canadien d'applications mobiles pour les soins de sant\u00e9","description":"Soulfx Technologies est l'un des principaux d\u00e9veloppeurs de solutions mobiles pour les soins de sant\u00e9 au Canada. Elle offre une vaste gamme de solutions de soins de sant\u00e9 qui tirent parti des derni\u00e8res technologies pour aider les fournisseurs de soins de sant\u00e9 et les patients. Il y a de nombreuses raisons pour lesquelles Soulfx Technologies se distingue comme le meilleur d\u00e9veloppeur de soins de sant\u00e9 mobiles au Canada.","robots":{"index":"index","follow":"follow","max-snippet":"max-snippet:-1","max-image-preview":"max-image-preview:large","max-video-preview":"max-video-preview:-1"},"canonical":"https:\/\/soulfx.com\/fr\/a-propos-de-nous\/le-meilleur-developpeur-canadien-dapplications-mobiles-pour-les-soins-de-sante\/","og_locale":"fr_FR","og_type":"article","og_title":"Le meilleur d\u00e9veloppeur canadien d'applications mobiles pour les soins de sant\u00e9","og_description":"Soulfx Technologies est l'un des principaux d\u00e9veloppeurs de solutions mobiles pour les soins de sant\u00e9 au Canada. Elle offre une vaste gamme de solutions de soins de sant\u00e9 qui tirent parti des derni\u00e8res technologies pour aider les fournisseurs de soins de sant\u00e9 et les patients. Il y a de nombreuses raisons pour lesquelles Soulfx Technologies se distingue comme le meilleur d\u00e9veloppeur de soins de sant\u00e9 mobiles au Canada.","og_url":"https:\/\/soulfx.com\/fr\/a-propos-de-nous\/le-meilleur-developpeur-canadien-dapplications-mobiles-pour-les-soins-de-sante\/","og_site_name":"Soulfx Technologies Inc","article_publisher":"https:\/\/www.facebook.com\/soulfx\/","article_modified_time":"2023-02-24T16:51:04+00:00","twitter_card":"summary_large_image","twitter_misc":{"Dur\u00e9e de lecture estim\u00e9e":"3 minutes"},"schema":{"@context":"https:\/\/schema.org","@graph":[{"@type":"WebPage","@id":"https:\/\/soulfx.com\/fr\/a-propos-de-nous\/le-meilleur-developpeur-canadien-dapplications-mobiles-pour-les-soins-de-sante\/","url":"https:\/\/soulfx.com\/fr\/a-propos-de-nous\/le-meilleur-developpeur-canadien-dapplications-mobiles-pour-les-soins-de-sante\/","name":"Le meilleur d\u00e9veloppeur canadien d'applications mobiles pour les soins de sant\u00e9","isPartOf":{"@id":"https:\/\/soulfx.com\/fr\/#website"},"datePublished":"2023-02-21T14:47:27+00:00","dateModified":"2023-02-24T16:51:04+00:00","description":"Soulfx Technologies est l'un des principaux d\u00e9veloppeurs de solutions mobiles pour les soins de sant\u00e9 au Canada. Elle offre une vaste gamme de solutions de soins de sant\u00e9 qui tirent parti des derni\u00e8res technologies pour aider les fournisseurs de soins de sant\u00e9 et les patients. Il y a de nombreuses raisons pour lesquelles Soulfx Technologies se distingue comme le meilleur d\u00e9veloppeur de soins de sant\u00e9 mobiles au Canada.","breadcrumb":{"@id":"https:\/\/soulfx.com\/fr\/a-propos-de-nous\/le-meilleur-developpeur-canadien-dapplications-mobiles-pour-les-soins-de-sante\/#breadcrumb"},"inLanguage":"fr-FR","potentialAction":[{"@type":"ReadAction","target":["https:\/\/soulfx.com\/fr\/a-propos-de-nous\/le-meilleur-developpeur-canadien-dapplications-mobiles-pour-les-soins-de-sante\/"]}]},{"@type":"BreadcrumbList","@id":"https:\/\/soulfx.com\/fr\/a-propos-de-nous\/le-meilleur-developpeur-canadien-dapplications-mobiles-pour-les-soins-de-sante\/#breadcrumb","itemListElement":[{"@type":"ListItem","position":1,"name":"Accueil","item":"https:\/\/soulfx.com\/fr\/"},{"@type":"ListItem","position":2,"name":"A propos de nous","item":"https:\/\/soulfx.com\/fr\/a-propos-de-nous\/"},{"@type":"ListItem","position":3,"name":"Le meilleur d\u00e9veloppeur canadien d&#8217;applications mobiles pour les soins de sant\u00e9"}]},{"@type":"WebSite","@id":"https:\/\/soulfx.com\/fr\/#website","url":"https:\/\/soulfx.com\/fr\/","name":"Soulfx Technologies","description":"Bringing innovation to insurtech and healthcare, one product at a time","publisher":{"@id":"https:\/\/soulfx.com\/fr\/#organization"},"alternateName":"Soulfx.com","potentialAction":[{"@type":"SearchAction","target":{"@type":"EntryPoint","urlTemplate":"https:\/\/soulfx.com\/fr\/?s={search_term_string}"},"query-input":{"@type":"PropertyValueSpecification","valueRequired":true,"valueName":"search_term_string"}}],"inLanguage":"fr-FR"},{"@type":"Organization","@id":"https:\/\/soulfx.com\/fr\/#organization","name":"Soulfx Technologies Inc.","url":"https:\/\/soulfx.com\/fr\/","logo":{"@type":"ImageObject","inLanguage":"fr-FR","@id":"https:\/\/soulfx.com\/fr\/#\/schema\/logo\/image\/","url":"https:\/\/akwcbe.p3cdn1.secureserver.net\/wp-content\/uploads\/2019\/03\/soulfx.png?time=1677168669","contentUrl":"https:\/\/akwcbe.p3cdn1.secureserver.net\/wp-content\/uploads\/2019\/03\/soulfx.png?time=1677168669","width":500,"height":154,"caption":"Soulfx Technologies Inc."},"image":{"@id":"https:\/\/soulfx.com\/fr\/#\/schema\/logo\/image\/"},"sameAs":["https:\/\/www.facebook.com\/soulfx\/","https:\/\/www.instagram.com\/soulfxtech\/","https:\/\/www.youtube.com\/channel\/UCkfrrH3ooq-SV0tgUUgmcpQ","https:\/\/www.linkedin.com\/company\/soulfx-technologies\/"]}]}},"_links":{"self":[{"href":"https:\/\/soulfx.com\/fr\/wp-json\/wp\/v2\/pages\/945","targetHints":{"allow":["GET"]}}],"collection":[{"href":"https:\/\/soulfx.com\/fr\/wp-json\/wp\/v2\/pages"}],"about":[{"href":"https:\/\/soulfx.com\/fr\/wp-json\/wp\/v2\/types\/page"}],"author":[{"embeddable":true,"href":"https:\/\/soulfx.com\/fr\/wp-json\/wp\/v2\/users\/1"}],"replies":[{"embeddable":true,"href":"https:\/\/soulfx.com\/fr\/wp-json\/wp\/v2\/comments?post=945"}],"version-history":[{"count":4,"href":"https:\/\/soulfx.com\/fr\/wp-json\/wp\/v2\/pages\/945\/revisions"}],"predecessor-version":[{"id":1000,"href":"https:\/\/soulfx.com\/fr\/wp-json\/wp\/v2\/pages\/945\/revisions\/1000"}],"up":[{"embeddable":true,"href":"https:\/\/soulfx.com\/fr\/wp-json\/wp\/v2\/pages\/908"}],"wp:attachment":[{"href":"https:\/\/soulfx.com\/fr\/wp-json\/wp\/v2\/media?parent=945"}],"curies":[{"name":"wp","href":"https:\/\/api.w.org\/{rel}","templated":true}]}}