{"id":947,"date":"2023-02-02T20:12:03","date_gmt":"2023-02-02T20:12:03","guid":{"rendered":"https:\/\/soulfx.com\/politique-de-confidentialite\/"},"modified":"2023-02-24T16:50:58","modified_gmt":"2023-02-24T16:50:58","slug":"politique-de-confidentialite","status":"publish","type":"page","link":"https:\/\/soulfx.com\/fr\/politique-de-confidentialite\/","title":{"rendered":"Politique de confidentialit\u00e9"},"content":{"rendered":"\n<p>DATE D&#8217;ENTR\u00c9E EN VIGUEUR : 23 f\u00e9vrier 2023<\/p>\n\n<p>Chez Soulfx Technologies Inc. (&#8220;Soulfx&#8221;, &#8220;nous&#8221; ou &#8220;notre&#8221;), nous appr\u00e9cions la confiance que nos clients nous accordent pour utiliser et prot\u00e9ger les informations personnelles de mani\u00e8re appropri\u00e9e.<\/p>\n\n<p>Cet avis de confidentialit\u00e9 informe les visiteurs et les utilisateurs r\u00e9guliers des programmes Soulfx propos\u00e9s via les sites Web Soulfx (collectivement d\u00e9nomm\u00e9s &#8220;sites Web Soulfx&#8221;) des raisons pour lesquelles Soulfx peut collecter, utiliser et partager des informations personnelles, et de la mani\u00e8re dont elles sont prot\u00e9g\u00e9es. Nous voulons que vous sachiez clairement comment nous utilisons les informations personnelles et comment nous les prot\u00e9geons. En utilisant les sites web de Soulfx, vous acceptez les pratiques de confidentialit\u00e9 pr\u00e9sent\u00e9es dans cet avis de confidentialit\u00e9.<\/p>\n\n<p>Nous vous encourageons \u00e0 lire cet avis de confidentialit\u00e9 dans son int\u00e9gralit\u00e9 pour comprendre nos pratiques en mati\u00e8re de confidentialit\u00e9 avant d&#8217;utiliser les sites web Soulfx ou de soumettre des informations personnelles.<\/p>\n\n<p><strong>Port\u00e9e<\/strong><\/p>\n\n<p>Programmes propos\u00e9s sur les sites web de Soulfx. Soulfx et ses soci\u00e9t\u00e9s affili\u00e9es et filiales peuvent avoir des sites web distincts, des sous-domaines et des services par le biais d&#8217;autres plateformes web, mobiles ou cloud qui ne sont pas soumis au pr\u00e9sent avis de confidentialit\u00e9. En outre, les partenaires commerciaux de Soulfx, les r\u00e9seaux publicitaires et d&#8217;autres tiers disposent de leurs propres sites Web et services avec des pratiques de confidentialit\u00e9 distinctes. Nous vous encourageons \u00e0 lire les avis de confidentialit\u00e9 de tous les sites web, portails et applications que vous visitez pour comprendre leurs pratiques en mati\u00e8re de confidentialit\u00e9.<\/p>\n\n<p>Tout au long de cet avis de confidentialit\u00e9, nous utilisons le terme &#8221; informations personnelles &#8220;, c&#8217;est-\u00e0-dire toute information \u00e0 laquelle Soulfx a acc\u00e8s, qu&#8217;elle collecte ou utilise et qui identifie un individu, ou qui peut raisonnablement \u00eatre utilis\u00e9e pour identifier un individu, directement ou indirectement. Il peut s&#8217;agir, par exemple, de vos coordonn\u00e9es, des informations relatives \u00e0 votre compte et de vos informations de sant\u00e9. &#8220;Informations personnelles&#8221; \u00e9quivaut \u00e0 des termes similaires utilis\u00e9s dans diff\u00e9rents r\u00e8glements, tels que &#8220;informations d&#8217;identification personnelle (PII)&#8221; et &#8220;donn\u00e9es personnelles&#8221;. Le pr\u00e9sent avis de confidentialit\u00e9 ne couvre pas les informations qui sont d\u00e9personnalis\u00e9es et\/ou agr\u00e9g\u00e9es et qui ne peuvent \u00eatre associ\u00e9es \u00e0 une personne identifiable, car ces informations ne sont pas consid\u00e9r\u00e9es comme des informations personnelles.<\/p>\n\n<p><strong>Informations personnelles que nous recueillons<\/strong><\/p>\n\n<p>Lorsque vous utilisez les sites web de Soulfx, nous pouvons recueillir des informations personnelles vous concernant. Les informations personnelles que nous pouvons recueillir avec votre consentement pr\u00e9alable, lorsque la loi l&#8217;exige, comprennent, sans s&#8217;y limiter, les donn\u00e9es suivantes<\/p>\n\n<ul class=\"wp-block-list\">\n<li>Votre nom complet<\/li>\n\n\n\n<li>Votre adresse \u00e9lectronique<\/li>\n\n\n\n<li>Votre date de naissance<\/li>\n\n\n\n<li>Vos coordonn\u00e9es<\/li>\n\n\n\n<li>Nous pouvons recueillir des informations non personnelles et celles-ci peuvent \u00eatre regroup\u00e9es avec d&#8217;autres informations. Si nous combinons vos informations non personnelles avec des informations personnelles, les informations combin\u00e9es seront trait\u00e9es comme des informations personnelles.<\/li>\n<\/ul>\n\n<p><strong>Technologies de suivi que nous utilisons<\/strong><\/p>\n\n<p>Nous utilisons diverses technologies pour recueillir des informations personnelles sur les visiteurs de nos sites web Soulfx. Ces technologies sont les suivantes :<\/p>\n\n<ul class=\"wp-block-list\">\n<li>Journaux du serveur Web\n<ul class=\"wp-block-list\">\n<li>Comme c&#8217;est le cas pour la plupart des sites web, nous recueillons automatiquement certaines informations et les stockons dans des fichiers journaux. Ces informations peuvent inclure les adresses IP, le type de navigateur, le fournisseur d&#8217;acc\u00e8s \u00e0 Internet, les pages de renvoi et de sortie, le syst\u00e8me d&#8217;exploitation, l&#8217;horodatage et\/ou les donn\u00e9es relatives au parcours de navigation.<\/li>\n<\/ul>\n<\/li>\n<\/ul>\n\n<p><strong>Comment nous utilisons les informations personnelles collect\u00e9es<\/strong><\/p>\n\n<p>En g\u00e9n\u00e9ral, les renseignements personnels fournis \u00e0 Soulfxis sont utilis\u00e9s pour d\u00e9terminer l&#8217;admissibilit\u00e9 \u00e0 divers r\u00e9gimes d&#8217;avantages sociaux, pour statuer sur les demandes et les traiter, pour administrer les r\u00e9gimes d&#8217;avantages sociaux et pour r\u00e9pondre aux exigences r\u00e9glementaires ou contractuelles. Les informations personnelles comprennent \u00e9galement les enregistrements et les donn\u00e9es relatives \u00e0 l&#8217;exp\u00e9rience et \u00e0 l&#8217;historique des sinistres.<\/p>\n\n<p><strong>Comment nous partageons les informations personnelles collect\u00e9es<\/strong><\/p>\n\n<p>En g\u00e9n\u00e9ral, les informations personnelles fournies \u00e0 Soulfx sont utilis\u00e9es pour d\u00e9terminer l&#8217;admissibilit\u00e9 \u00e0 divers r\u00e9gimes d&#8217;avantages sociaux, pour statuer sur les demandes et les traiter, pour administrer les r\u00e9gimes d&#8217;avantages sociaux et pour r\u00e9pondre aux exigences r\u00e9glementaires ou contractuelles. Les renseignements personnels comprennent \u00e9galement les dossiers et les donn\u00e9es relatifs \u00e0 la sinistralit\u00e9 et \u00e0 l&#8217;historique des participants aux r\u00e9gimes de prestations.<\/p>\n\n<p><strong>Comment nous partageons les informations personnelles collect\u00e9es<\/strong><\/p>\n\n<ul class=\"wp-block-list\">\n<li>Nous pouvons partager des informations personnelles avec d&#8217;autres unit\u00e9s commerciales lorsque la loi l&#8217;autorise. En outre, nous pouvons partager vos informations personnelles avec des tiers uniquement de la mani\u00e8re d\u00e9crite dans le pr\u00e9sent avis de confidentialit\u00e9.<\/li>\n\n\n\n<li>Des informations personnelles limit\u00e9es peuvent \u00eatre divulgu\u00e9es \u00e0 des partenaires commerciaux dont vous indiquez vouloir utiliser les produits ou services.<\/li>\n<\/ul>\n\n<p><strong>Votre choix<\/strong><\/p>\n\n<p>Lorsque cela est appropri\u00e9 ou requis par la loi, nous d\u00e9crirons la mani\u00e8re dont vos informations collect\u00e9es par le biais des sites web Soulfx seront utilis\u00e9es, et nous vous donnerons le choix de nous autoriser ou non \u00e0 les utiliser. Pour exercer votre choix, vous pouvez nous contacter pour corriger, mettre \u00e0 jour, modifier ou demander la suppression de vos informations personnelles \u00e0 l&#8217;adresse indiqu\u00e9e dans la section &#8220;Coordonn\u00e9es&#8221; ci-dessous.<\/p>\n\n<p><strong>Vos droits<\/strong><\/p>\n\n<p>Vous pouvez nous contacter directement \u00e0 tout moment \u00e0 l&#8217;adresse indiqu\u00e9e dans la section Coordonn\u00e9es du bureau de la protection de la vie priv\u00e9e ci-dessous pour mettre \u00e0 jour vos informations personnelles ou faire un autre type de demande concernant les informations que vous savez ou pensez que le Programme Soulfx d\u00e9tient \u00e0 votre sujet. Voici quelques droits que vous pouvez avoir selon l&#8217;endroit o\u00f9 vous vous trouvez :<\/p>\n\n<p>Soulfx vous fournira une r\u00e9ponse \u00e0 ces demandes sans retard excessif et, dans tous les cas, dans les 30 jours suivant la r\u00e9ception de la demande. Ce d\u00e9lai peut \u00eatre prolong\u00e9 de 30 jours si n\u00e9cessaire, en tenant compte de la complexit\u00e9 et du nombre de demandes. Soulfx vous informera d&#8217;une telle extension dans les 30 jours suivant la r\u00e9ception de la demande, ainsi que de la ou des raisons du retard. Si vous faites la demande par voie \u00e9lectronique, les informations seront fournies par voie \u00e9lectronique dans la mesure du possible, sauf demande contraire de votre part dans la documentation \u00e9crite.<\/p>\n\n<p>Vous pouvez \u00e9galement exercer les droits \u00e9num\u00e9r\u00e9s ci-dessus \u00e0 tout moment en vous rendant aux informations de contact figurant au bas du pr\u00e9sent avis.<\/p>\n\n<p>Si votre demande ou votre pr\u00e9occupation n&#8217;est pas r\u00e9solue de mani\u00e8re satisfaisante par nous, vous pouvez vous adresser \u00e0 l&#8217;autorit\u00e9 locale charg\u00e9e de la protection des donn\u00e9es ou de la confidentialit\u00e9.<\/p>\n\n<p><strong>R\u00e9tention<\/strong><\/p>\n\n<p>Nous conserverons vos informations personnelles afin de respecter nos obligations contractuelles envers vous et aussi longtemps que votre compte sera actif, qu&#8217;il sera raisonnablement utile \u00e0 des fins commerciales ou qu&#8217;il sera n\u00e9cessaire de se conformer \u00e0 nos obligations l\u00e9gales, de r\u00e9soudre les litiges et de faire respecter nos accords. Nous pouvons \u00e9galement conserver des informations globales au-del\u00e0 de cette p\u00e9riode \u00e0 des fins de recherche et pour nous aider \u00e0 d\u00e9velopper et \u00e0 am\u00e9liorer nos services. Vous ne pouvez pas \u00eatre identifi\u00e9 \u00e0 partir des informations globales conserv\u00e9es ou utilis\u00e9es \u00e0 ces fins.<\/p>\n\n<p><strong>Comment nous prot\u00e9geons vos informations<\/strong><\/p>\n\n<p>Soulfx a mis en place des programmes pour r\u00e9pondre aux exigences de confidentialit\u00e9 et de s\u00e9curit\u00e9 en mati\u00e8re de protection des informations de sant\u00e9.<\/p>\n\n<p>Soulfx a \u00e9galement mis en place des mesures de protection physiques, techniques et administratives appropri\u00e9es pour prot\u00e9ger les informations personnelles que nous recueillons aupr\u00e8s de nos utilisateurs ou \u00e0 leur sujet. Nous limitons l&#8217;acc\u00e8s aux informations personnelles \u00e0 s et \u00e0 ses soci\u00e9t\u00e9s affili\u00e9es, ainsi qu&#8217;\u00e0 leurs employ\u00e9s, sous-traitants et agents respectifs qui ont besoin de conna\u00eetre ces informations pour les traiter pour nous, et qui sont soumis \u00e0 des obligations de confidentialit\u00e9.<\/p>\n\n<p>En d\u00e9pit de nos mesures de s\u00e9curit\u00e9, il est impossible de garantir une s\u00e9curit\u00e9 \u00e0 100 % en toutes circonstances. Si vous avez des questions concernant la s\u00e9curit\u00e9 ou si vous avez des raisons de croire que votre interaction avec nous n&#8217;est plus s\u00e9curis\u00e9e (par exemple, si vous pensez que la s\u00e9curit\u00e9 de tout compte que vous pourriez avoir avec nous a \u00e9t\u00e9 compromise), vous devez imm\u00e9diatement nous informer du probl\u00e8me en envoyant un courriel \u00e0 privacy@soulfx.com.<\/p>\n\n<p><strong>Modifications de cet avis de confidentialit\u00e9<\/strong><\/p>\n\n<p>Nous pouvons p\u00e9riodiquement mettre \u00e0 jour cet avis de confidentialit\u00e9 pour d\u00e9crire les nouvelles fonctionnalit\u00e9s, les nouveaux produits ou services que nous proposons et la mani\u00e8re dont ils peuvent affecter notre utilisation des informations personnelles vous concernant et vos contr\u00f4les. Comme nous sommes susceptibles de modifier cet avis de confidentialit\u00e9, nous vous recommandons de v\u00e9rifier la version actuelle disponible de temps \u00e0 autre. Si nous apportons des modifications \u00e0 cet avis, nous mettrons \u00e0 jour la &#8220;date d&#8217;entr\u00e9e en vigueur&#8221; au d\u00e9but de cet avis.<\/p>\n\n<p><strong>Coordonn\u00e9es du Bureau de la protection de la vie priv\u00e9e<\/strong><\/p>\n\n<p>Si vous avez des questions ou des pr\u00e9occupations concernant le pr\u00e9sent avis de confidentialit\u00e9, nos pratiques de traitement des informations ou tout autre aspect de la confidentialit\u00e9 et de la s\u00e9curit\u00e9 de vos informations personnelles, veuillez nous contacter \u00e0 l&#8217;adresse suivante : privacy@soulfx.com.<\/p>\n\n<p>Soulfx Technologies Inc.<br\/>Suite 206, 16-1375 Southdown Rd.<br\/>Mississauga, ON L5J 2Z1<\/p>\n\n<p>Pour plus d&#8217;informations sur vos droits en mati\u00e8re de protection de la vie priv\u00e9e, vous pouvez \u00e9galement contacter le Commissaire f\u00e9d\u00e9ral \u00e0 la protection de la vie priv\u00e9e \u00e0 l&#8217;adresse suivante :<\/p>\n\n<p>Commissariat \u00e0 la protection de la vie priv\u00e9e du Canada<br\/>112, rue Kent Place de Ville Tour B, 3e \u00e9tage<br\/>Ottawa, Ontario<br\/>K1A 1H3<\/p>\n\n<p>Ou le bureau du commissaire \u00e0 l&#8217;information et \u00e0 la protection de la vie priv\u00e9e de votre province pour plus d&#8217;informations.<\/p>\n\n<p>\u00a9 2023 SOULFXINC. TOUS DROITS R\u00c9SERV\u00c9S.<\/p>\n\n<p>Version : 10.0<\/p>\n\n<p>Date : 23 f\u00e9vrier 2023<\/p>\n","protected":false},"excerpt":{"rendered":"<p>DATE D&rsquo;ENTR&Eacute;E EN VIGUEUR : 23 f&eacute;vrier 2023 Chez Soulfx Technologies Inc. (&ldquo;Soulfx&rdquo;, &ldquo;nous&rdquo; ou &ldquo;notre&rdquo;), nous appr&eacute;cions la confiance que nos clients nous accordent pour utiliser et prot&eacute;ger les informations personnelles de mani&egrave;re appropri&eacute;e. Cet avis de confidentialit&eacute; informe les visiteurs et les utilisateurs&#8230;<\/p>\n","protected":false},"author":2,"featured_media":0,"parent":0,"menu_order":0,"comment_status":"closed","ping_status":"closed","template":"","meta":{"_coblocks_attr":"","_coblocks_dimensions":"","_coblocks_responsive_height":"","_coblocks_accordion_ie_support":"","footnotes":""},"class_list":["post-947","page","type-page","status-publish","hentry"],"yoast_head":"<!-- This site is optimized with the Yoast SEO Premium plugin v27.4 (Yoast SEO v27.4) - https:\/\/yoast.com\/product\/yoast-seo-premium-wordpress\/ -->\n<title>Politique de confidentialit\u00e9<\/title>\n<meta name=\"description\" content=\"Chez Soulfx Technologies Inc. (&quot;Soulfx&quot;, &quot;nous&quot; ou &quot;notre&quot;), nous appr\u00e9cions la confiance que nos clients nous accordent pour utiliser et prot\u00e9ger les informations personnelles de mani\u00e8re appropri\u00e9e.\" \/>\n<meta name=\"robots\" content=\"index, follow, max-snippet:-1, max-image-preview:large, max-video-preview:-1\" \/>\n<link rel=\"canonical\" href=\"https:\/\/soulfx.com\/fr\/politique-de-confidentialite\/\" \/>\n<meta property=\"og:locale\" content=\"fr_FR\" \/>\n<meta property=\"og:type\" content=\"article\" \/>\n<meta property=\"og:title\" content=\"Politique de confidentialit\u00e9\" \/>\n<meta property=\"og:description\" content=\"Chez Soulfx Technologies Inc. (&quot;Soulfx&quot;, &quot;nous&quot; ou &quot;notre&quot;), nous appr\u00e9cions la confiance que nos clients nous accordent pour utiliser et prot\u00e9ger les informations personnelles de mani\u00e8re appropri\u00e9e.\" \/>\n<meta property=\"og:url\" content=\"https:\/\/soulfx.com\/fr\/politique-de-confidentialite\/\" \/>\n<meta property=\"og:site_name\" content=\"Soulfx Technologies Inc\" \/>\n<meta property=\"article:publisher\" content=\"https:\/\/www.facebook.com\/soulfx\/\" \/>\n<meta property=\"article:modified_time\" content=\"2023-02-24T16:50:58+00:00\" \/>\n<meta name=\"twitter:card\" content=\"summary_large_image\" \/>\n<meta name=\"twitter:label1\" content=\"Dur\u00e9e de lecture estim\u00e9e\" \/>\n\t<meta name=\"twitter:data1\" content=\"8 minutes\" \/>\n<script type=\"application\/ld+json\" class=\"yoast-schema-graph\">{\"@context\":\"https:\\\/\\\/schema.org\",\"@graph\":[{\"@type\":\"WebPage\",\"@id\":\"https:\\\/\\\/soulfx.com\\\/fr\\\/politique-de-confidentialite\\\/\",\"url\":\"https:\\\/\\\/soulfx.com\\\/fr\\\/politique-de-confidentialite\\\/\",\"name\":\"Politique de confidentialit\u00e9\",\"isPartOf\":{\"@id\":\"https:\\\/\\\/soulfx.com\\\/fr\\\/#website\"},\"datePublished\":\"2023-02-02T20:12:03+00:00\",\"dateModified\":\"2023-02-24T16:50:58+00:00\",\"description\":\"Chez Soulfx Technologies Inc. (\\\"Soulfx\\\", \\\"nous\\\" ou \\\"notre\\\"), nous appr\u00e9cions la confiance que nos clients nous accordent pour utiliser et prot\u00e9ger les informations personnelles de mani\u00e8re appropri\u00e9e.\",\"breadcrumb\":{\"@id\":\"https:\\\/\\\/soulfx.com\\\/fr\\\/politique-de-confidentialite\\\/#breadcrumb\"},\"inLanguage\":\"fr-FR\",\"potentialAction\":[{\"@type\":\"ReadAction\",\"target\":[\"https:\\\/\\\/soulfx.com\\\/fr\\\/politique-de-confidentialite\\\/\"]}]},{\"@type\":\"BreadcrumbList\",\"@id\":\"https:\\\/\\\/soulfx.com\\\/fr\\\/politique-de-confidentialite\\\/#breadcrumb\",\"itemListElement\":[{\"@type\":\"ListItem\",\"position\":1,\"name\":\"Accueil\",\"item\":\"https:\\\/\\\/soulfx.com\\\/fr\\\/\"},{\"@type\":\"ListItem\",\"position\":2,\"name\":\"Politique de confidentialit\u00e9\"}]},{\"@type\":\"WebSite\",\"@id\":\"https:\\\/\\\/soulfx.com\\\/fr\\\/#website\",\"url\":\"https:\\\/\\\/soulfx.com\\\/fr\\\/\",\"name\":\"Soulfx Technologies\",\"description\":\"Bringing innovation to insurtech and healthcare, one product at a time\",\"publisher\":{\"@id\":\"https:\\\/\\\/soulfx.com\\\/fr\\\/#organization\"},\"alternateName\":\"Soulfx.com\",\"potentialAction\":[{\"@type\":\"SearchAction\",\"target\":{\"@type\":\"EntryPoint\",\"urlTemplate\":\"https:\\\/\\\/soulfx.com\\\/fr\\\/?s={search_term_string}\"},\"query-input\":{\"@type\":\"PropertyValueSpecification\",\"valueRequired\":true,\"valueName\":\"search_term_string\"}}],\"inLanguage\":\"fr-FR\"},{\"@type\":\"Organization\",\"@id\":\"https:\\\/\\\/soulfx.com\\\/fr\\\/#organization\",\"name\":\"Soulfx Technologies Inc.\",\"url\":\"https:\\\/\\\/soulfx.com\\\/fr\\\/\",\"logo\":{\"@type\":\"ImageObject\",\"inLanguage\":\"fr-FR\",\"@id\":\"https:\\\/\\\/soulfx.com\\\/fr\\\/#\\\/schema\\\/logo\\\/image\\\/\",\"url\":\"https:\\\/\\\/akwcbe.p3cdn1.secureserver.net\\\/wp-content\\\/uploads\\\/2019\\\/03\\\/soulfx.png?time=1677168669\",\"contentUrl\":\"https:\\\/\\\/akwcbe.p3cdn1.secureserver.net\\\/wp-content\\\/uploads\\\/2019\\\/03\\\/soulfx.png?time=1677168669\",\"width\":500,\"height\":154,\"caption\":\"Soulfx Technologies Inc.\"},\"image\":{\"@id\":\"https:\\\/\\\/soulfx.com\\\/fr\\\/#\\\/schema\\\/logo\\\/image\\\/\"},\"sameAs\":[\"https:\\\/\\\/www.facebook.com\\\/soulfx\\\/\",\"https:\\\/\\\/www.instagram.com\\\/soulfxtech\\\/\",\"https:\\\/\\\/www.youtube.com\\\/channel\\\/UCkfrrH3ooq-SV0tgUUgmcpQ\",\"https:\\\/\\\/www.linkedin.com\\\/company\\\/soulfx-technologies\\\/\"]}]}<\/script>\n<!-- \/ Yoast SEO Premium plugin. -->","yoast_head_json":{"title":"Politique de confidentialit\u00e9","description":"Chez Soulfx Technologies Inc. (\"Soulfx\", \"nous\" ou \"notre\"), nous appr\u00e9cions la confiance que nos clients nous accordent pour utiliser et prot\u00e9ger les informations personnelles de mani\u00e8re appropri\u00e9e.","robots":{"index":"index","follow":"follow","max-snippet":"max-snippet:-1","max-image-preview":"max-image-preview:large","max-video-preview":"max-video-preview:-1"},"canonical":"https:\/\/soulfx.com\/fr\/politique-de-confidentialite\/","og_locale":"fr_FR","og_type":"article","og_title":"Politique de confidentialit\u00e9","og_description":"Chez Soulfx Technologies Inc. (\"Soulfx\", \"nous\" ou \"notre\"), nous appr\u00e9cions la confiance que nos clients nous accordent pour utiliser et prot\u00e9ger les informations personnelles de mani\u00e8re appropri\u00e9e.","og_url":"https:\/\/soulfx.com\/fr\/politique-de-confidentialite\/","og_site_name":"Soulfx Technologies Inc","article_publisher":"https:\/\/www.facebook.com\/soulfx\/","article_modified_time":"2023-02-24T16:50:58+00:00","twitter_card":"summary_large_image","twitter_misc":{"Dur\u00e9e de lecture estim\u00e9e":"8 minutes"},"schema":{"@context":"https:\/\/schema.org","@graph":[{"@type":"WebPage","@id":"https:\/\/soulfx.com\/fr\/politique-de-confidentialite\/","url":"https:\/\/soulfx.com\/fr\/politique-de-confidentialite\/","name":"Politique de confidentialit\u00e9","isPartOf":{"@id":"https:\/\/soulfx.com\/fr\/#website"},"datePublished":"2023-02-02T20:12:03+00:00","dateModified":"2023-02-24T16:50:58+00:00","description":"Chez Soulfx Technologies Inc. (\"Soulfx\", \"nous\" ou \"notre\"), nous appr\u00e9cions la confiance que nos clients nous accordent pour utiliser et prot\u00e9ger les informations personnelles de mani\u00e8re appropri\u00e9e.","breadcrumb":{"@id":"https:\/\/soulfx.com\/fr\/politique-de-confidentialite\/#breadcrumb"},"inLanguage":"fr-FR","potentialAction":[{"@type":"ReadAction","target":["https:\/\/soulfx.com\/fr\/politique-de-confidentialite\/"]}]},{"@type":"BreadcrumbList","@id":"https:\/\/soulfx.com\/fr\/politique-de-confidentialite\/#breadcrumb","itemListElement":[{"@type":"ListItem","position":1,"name":"Accueil","item":"https:\/\/soulfx.com\/fr\/"},{"@type":"ListItem","position":2,"name":"Politique de confidentialit\u00e9"}]},{"@type":"WebSite","@id":"https:\/\/soulfx.com\/fr\/#website","url":"https:\/\/soulfx.com\/fr\/","name":"Soulfx Technologies","description":"Bringing innovation to insurtech and healthcare, one product at a time","publisher":{"@id":"https:\/\/soulfx.com\/fr\/#organization"},"alternateName":"Soulfx.com","potentialAction":[{"@type":"SearchAction","target":{"@type":"EntryPoint","urlTemplate":"https:\/\/soulfx.com\/fr\/?s={search_term_string}"},"query-input":{"@type":"PropertyValueSpecification","valueRequired":true,"valueName":"search_term_string"}}],"inLanguage":"fr-FR"},{"@type":"Organization","@id":"https:\/\/soulfx.com\/fr\/#organization","name":"Soulfx Technologies Inc.","url":"https:\/\/soulfx.com\/fr\/","logo":{"@type":"ImageObject","inLanguage":"fr-FR","@id":"https:\/\/soulfx.com\/fr\/#\/schema\/logo\/image\/","url":"https:\/\/akwcbe.p3cdn1.secureserver.net\/wp-content\/uploads\/2019\/03\/soulfx.png?time=1677168669","contentUrl":"https:\/\/akwcbe.p3cdn1.secureserver.net\/wp-content\/uploads\/2019\/03\/soulfx.png?time=1677168669","width":500,"height":154,"caption":"Soulfx Technologies Inc."},"image":{"@id":"https:\/\/soulfx.com\/fr\/#\/schema\/logo\/image\/"},"sameAs":["https:\/\/www.facebook.com\/soulfx\/","https:\/\/www.instagram.com\/soulfxtech\/","https:\/\/www.youtube.com\/channel\/UCkfrrH3ooq-SV0tgUUgmcpQ","https:\/\/www.linkedin.com\/company\/soulfx-technologies\/"]}]}},"_links":{"self":[{"href":"https:\/\/soulfx.com\/fr\/wp-json\/wp\/v2\/pages\/947","targetHints":{"allow":["GET"]}}],"collection":[{"href":"https:\/\/soulfx.com\/fr\/wp-json\/wp\/v2\/pages"}],"about":[{"href":"https:\/\/soulfx.com\/fr\/wp-json\/wp\/v2\/types\/page"}],"author":[{"embeddable":true,"href":"https:\/\/soulfx.com\/fr\/wp-json\/wp\/v2\/users\/2"}],"replies":[{"embeddable":true,"href":"https:\/\/soulfx.com\/fr\/wp-json\/wp\/v2\/comments?post=947"}],"version-history":[{"count":2,"href":"https:\/\/soulfx.com\/fr\/wp-json\/wp\/v2\/pages\/947\/revisions"}],"predecessor-version":[{"id":962,"href":"https:\/\/soulfx.com\/fr\/wp-json\/wp\/v2\/pages\/947\/revisions\/962"}],"wp:attachment":[{"href":"https:\/\/soulfx.com\/fr\/wp-json\/wp\/v2\/media?parent=947"}],"curies":[{"name":"wp","href":"https:\/\/api.w.org\/{rel}","templated":true}]}}